{"id":3266,"date":"2021-04-12T16:14:30","date_gmt":"2021-04-12T14:14:30","guid":{"rendered":"https:\/\/www.laboitedejeu.fr\/?page_id=3266"},"modified":"2021-12-31T09:21:44","modified_gmt":"2021-12-31T08:21:44","slug":"its-a-wonderful-kingdom","status":"publish","type":"page","link":"https:\/\/laboitedejeu.fr\/en\/its-a-wonderful-kingdom\/","title":{"rendered":"It&#8217;s a Wonderful Kingdom"},"content":{"rendered":"<p><\/p>\n<div class=\"page\" title=\"Page 1\">\n<div class=\"layoutArea\">\n<div class=\"column\">\n<p style=\"text-align: center;\"><img loading=\"lazy\" class=\"aligncenter wp-image-3272 size-full\" src=\"https:\/\/www.laboitedejeu.fr\/wp-content\/uploads\/2021\/04\/IWK-thumbnail.png\" alt=\"\" width=\"2568\" height=\"1446\" srcset=\"https:\/\/laboitedejeu.fr\/wp-content\/uploads\/2021\/04\/IWK-thumbnail.png 2568w, https:\/\/laboitedejeu.fr\/wp-content\/uploads\/2021\/04\/IWK-thumbnail-300x169.png 300w, https:\/\/laboitedejeu.fr\/wp-content\/uploads\/2021\/04\/IWK-thumbnail-768x432.png 768w, https:\/\/laboitedejeu.fr\/wp-content\/uploads\/2021\/04\/IWK-thumbnail-1024x577.png 1024w, https:\/\/laboitedejeu.fr\/wp-content\/uploads\/2021\/04\/IWK-thumbnail-622x350.png 622w, https:\/\/laboitedejeu.fr\/wp-content\/uploads\/2021\/04\/IWK-thumbnail-270x152.png 270w, https:\/\/laboitedejeu.fr\/wp-content\/uploads\/2021\/04\/IWK-thumbnail-533x300.png 533w\" sizes=\"(max-width: 2568px) 100vw, 2568px\" \/><\/p>\n<\/div>\n<\/div>\n<\/div>\n<div class=\"page\" title=\"Page 1\">\n<div class=\"layoutArea\">\n<p>&nbsp;<\/p>\n<div class=\"column\">\n<p>&nbsp;<\/p>\n<p><img loading=\"lazy\" class=\"aligncenter wp-image-3269 size-large\" src=\"https:\/\/www.laboitedejeu.fr\/wp-content\/uploads\/2021\/04\/logo-IWK-1024x354.png\" alt=\"\" width=\"750\" height=\"259\" srcset=\"https:\/\/laboitedejeu.fr\/wp-content\/uploads\/2021\/04\/logo-IWK-1024x354.png 1024w, https:\/\/laboitedejeu.fr\/wp-content\/uploads\/2021\/04\/logo-IWK-300x104.png 300w, https:\/\/laboitedejeu.fr\/wp-content\/uploads\/2021\/04\/logo-IWK-768x266.png 768w, https:\/\/laboitedejeu.fr\/wp-content\/uploads\/2021\/04\/logo-IWK-750x260.png 750w, https:\/\/laboitedejeu.fr\/wp-content\/uploads\/2021\/04\/logo-IWK-270x93.png 270w, https:\/\/laboitedejeu.fr\/wp-content\/uploads\/2021\/04\/logo-IWK-642x222.png 642w\" sizes=\"(max-width: 750px) 100vw, 750px\" \/><\/p>\n<p>&nbsp;<\/p>\n<p><em>In <strong>It&#8217;s a Wonderful Kingdom<\/strong>, you&#8217;ll play as a Duchy looking for power. The empty throne of the former Monarch calls for a legitimate heir. Fight for your place at the head of the Kingdom. You&#8217;ll have to choose the path of your future to enhance and grow faster and bigger than your opponent. Expand the production of your Duchy, trap your opponent, and access to the throne of this Wonderful Kingdom.<br \/>\n<\/em><\/p>\n<\/div>\n<\/div>\n<\/div>\n<h2>How to play?<\/h2>\n<p><img loading=\"lazy\" class=\"alignright wp-image-3289 size-large\" src=\"https:\/\/www.laboitedejeu.fr\/wp-content\/uploads\/2021\/04\/Eclate\u0301-WIP-1024x576.png\" alt=\"\" width=\"750\" height=\"422\" srcset=\"https:\/\/laboitedejeu.fr\/wp-content\/uploads\/2021\/04\/Eclate\u0301-WIP-1024x576.png 1024w, https:\/\/laboitedejeu.fr\/wp-content\/uploads\/2021\/04\/Eclate\u0301-WIP-300x169.png 300w, https:\/\/laboitedejeu.fr\/wp-content\/uploads\/2021\/04\/Eclate\u0301-WIP-768x432.png 768w, https:\/\/laboitedejeu.fr\/wp-content\/uploads\/2021\/04\/Eclate\u0301-WIP-622x350.png 622w, https:\/\/laboitedejeu.fr\/wp-content\/uploads\/2021\/04\/Eclate\u0301-WIP-270x152.png 270w, https:\/\/laboitedejeu.fr\/wp-content\/uploads\/2021\/04\/Eclate\u0301-WIP-533x300.png 533w\" sizes=\"(max-width: 750px) 100vw, 750px\" \/><\/p>\n<p>During each turn, your opponent and you are going to place cards in 2 different selection zones. Some of them are going to be played face down. One after the other, you&#8217;re going to pick the cards from one of this zone, but be careful about negative cards that can slow you down or make you loose victory points.<br \/>\nOnce the selection phase is over, you&#8217;ll have to choose between discarding some cards to collect their ressources immediately, or keep some to try and build them to develop your Duchy, enhance its production, and earn Victory points.<\/p>\n<p>At the end of the 4th turn, the player having the most victory points wins the game.<\/p>\n<p>Several Modules (Menace, Advisors, Quest, Conquest) allow you to slightly change the rules to diversify the game experience with more or less interactions, for always more gameplay possibilities.<\/p>\n<h2>Infos<\/h2>\n<p><img loading=\"lazy\" class=\"wp-image-3254 size-medium alignleft\" src=\"https:\/\/www.laboitedejeu.fr\/wp-content\/uploads\/2021\/04\/IWK-EN_FR-STD-e1618227352525-300x298.png\" alt=\"\" width=\"300\" height=\"298\" srcset=\"https:\/\/laboitedejeu.fr\/wp-content\/uploads\/2021\/04\/IWK-EN_FR-STD-e1618227352525-300x298.png 300w, https:\/\/laboitedejeu.fr\/wp-content\/uploads\/2021\/04\/IWK-EN_FR-STD-e1618227352525-150x150.png 150w, https:\/\/laboitedejeu.fr\/wp-content\/uploads\/2021\/04\/IWK-EN_FR-STD-e1618227352525-768x762.png 768w, https:\/\/laboitedejeu.fr\/wp-content\/uploads\/2021\/04\/IWK-EN_FR-STD-e1618227352525-1024x1017.png 1024w, https:\/\/laboitedejeu.fr\/wp-content\/uploads\/2021\/04\/IWK-EN_FR-STD-e1618227352525-353x350.png 353w, https:\/\/laboitedejeu.fr\/wp-content\/uploads\/2021\/04\/IWK-EN_FR-STD-e1618227352525-270x268.png 270w, https:\/\/laboitedejeu.fr\/wp-content\/uploads\/2021\/04\/IWK-EN_FR-STD-e1618227352525-302x300.png 302w, https:\/\/laboitedejeu.fr\/wp-content\/uploads\/2021\/04\/IWK-EN_FR-STD-e1618227352525.png 1775w\" sizes=\"(max-width: 300px) 100vw, 300px\" \/><\/p>\n<ul>\n<li>1 or 2 players<\/li>\n<li>14 years old and more<\/li>\n<li>Around 45 minutes<\/li>\n<li>Designer : Fr\u00e9d\u00e9ric Gu\u00e9rard<\/li>\n<li>Illustrator : Anthony Wolff<\/li>\n<li>Publishers : La boite de jeu and Origames<\/li>\n<li>Distributor : Blackrock (FR)<\/li>\n<li>Availability : Kickstarter April 20th, Release January 2022<\/li>\n<li>MSRP (base game) : 32\u20ac<\/li>\n<\/ul>\n<p>&nbsp;<\/p>\n<p>&nbsp;<\/p>\n<p>&nbsp;<\/p>\n\n\t\t<div id='gallery-4' class='gallery galleryid-3266 gallery-columns-4 gallery-size-large gallery1'><script type=\"text\/javascript\">\r\n\/\/ <![CDATA[\r\n\tjQuery(document).ready(function () {\r\n\t\tjQuery(\".gallery1 a\").attr(\"rel\",\"gallery1\");\t\r\n\t\tjQuery('a[rel=\"gallery1\"]').colorbox({maxWidth:\"95%\", maxHeight:\"95%\",title: function(){ return jQuery(this).children().attr(\"alt\"); }, });\r\n\t});\r\n\/\/ ]]>\r\n<\/script>\n<figure class=\"gallery-item\">\n<div class=\"gallery-icon\">\r\n<a href=\"https:\/\/laboitedejeu.fr\/wp-content\/uploads\/2021\/04\/IWK-EN-STD-card-wreck-of-the-leonarth-666x1024.jpg\" title=\"\" rel=\"gallery1\"><img src=\"https:\/\/laboitedejeu.fr\/wp-content\/uploads\/2021\/04\/IWK-EN-STD-card-wreck-of-the-leonarth-666x1024.jpg\" width=\"666\" height=\"1024\" alt=\"\" \/><\/a>\r\n<\/div><\/figure><figure class=\"gallery-item\">\n<div class=\"gallery-icon\">\r\n<a href=\"https:\/\/laboitedejeu.fr\/wp-content\/uploads\/2021\/04\/IWK-EN-STD-card-majestic-statue-666x1024.jpg\" title=\"\" rel=\"gallery1\"><img src=\"https:\/\/laboitedejeu.fr\/wp-content\/uploads\/2021\/04\/IWK-EN-STD-card-majestic-statue-666x1024.jpg\" width=\"666\" height=\"1024\" alt=\"\" \/><\/a>\r\n<\/div><\/figure><figure class=\"gallery-item\">\n<div class=\"gallery-icon\">\r\n<a href=\"https:\/\/laboitedejeu.fr\/wp-content\/uploads\/2021\/04\/IWK-EN-STD-card-grand-army-666x1024.jpg\" title=\"\" rel=\"gallery1\"><img src=\"https:\/\/laboitedejeu.fr\/wp-content\/uploads\/2021\/04\/IWK-EN-STD-card-grand-army-666x1024.jpg\" width=\"666\" height=\"1024\" alt=\"\" \/><\/a>\r\n<\/div><\/figure><figure class=\"gallery-item\">\n<div class=\"gallery-icon\">\r\n<a href=\"https:\/\/laboitedejeu.fr\/wp-content\/uploads\/2021\/04\/IWK-EN-STD-card-farm-666x1024.jpg\" title=\"\" rel=\"gallery1\"><img src=\"https:\/\/laboitedejeu.fr\/wp-content\/uploads\/2021\/04\/IWK-EN-STD-card-farm-666x1024.jpg\" width=\"666\" height=\"1024\" alt=\"\" \/><\/a>\r\n<\/div><\/figure>\r\n\t\t<\/div>\n\n<p>&nbsp;<\/p>\n\n\t\t<div id='gallery-5' class='gallery galleryid-3266 gallery-columns-3 gallery-size-large gallery1'><script type=\"text\/javascript\">\r\n\/\/ <![CDATA[\r\n\tjQuery(document).ready(function () {\r\n\t\tjQuery(\".gallery1 a\").attr(\"rel\",\"gallery1\");\t\r\n\t\tjQuery('a[rel=\"gallery1\"]').colorbox({maxWidth:\"95%\", maxHeight:\"95%\",title: function(){ return jQuery(this).children().attr(\"alt\"); }, });\r\n\t});\r\n\/\/ ]]>\r\n<\/script>\n<figure class=\"gallery-item\">\n<div class=\"gallery-icon\">\r\n<a href=\"https:\/\/laboitedejeu.fr\/wp-content\/uploads\/2021\/04\/Duchy-of-Te\u0301re\u0301sie-1024x666.jpg\" title=\"\" rel=\"gallery1\"><img src=\"https:\/\/laboitedejeu.fr\/wp-content\/uploads\/2021\/04\/Duchy-of-Te\u0301re\u0301sie-1024x666.jpg\" width=\"750\" height=\"488\" alt=\"\" \/><\/a>\r\n<\/div><\/figure><figure class=\"gallery-item\">\n<div class=\"gallery-icon\">\r\n<a href=\"https:\/\/laboitedejeu.fr\/wp-content\/uploads\/2021\/04\/IWK-FR-STD-questBoards-front-2-1024x608.jpg\" title=\"\" rel=\"gallery1\"><img src=\"https:\/\/laboitedejeu.fr\/wp-content\/uploads\/2021\/04\/IWK-FR-STD-questBoards-front-2-1024x608.jpg\" width=\"750\" height=\"445\" alt=\"\" \/><\/a>\r\n<\/div><\/figure><figure class=\"gallery-item\">\n<div class=\"gallery-icon\">\r\n<a href=\"https:\/\/laboitedejeu.fr\/wp-content\/uploads\/2021\/04\/Duchy-of-Valados-1024x666.png\" title=\"\" rel=\"gallery1\"><img src=\"https:\/\/laboitedejeu.fr\/wp-content\/uploads\/2021\/04\/Duchy-of-Valados-1024x666.png\" width=\"750\" height=\"488\" alt=\"\" \/><\/a>\r\n<\/div><\/figure>\r\n\t\t<\/div>\n\n<h2><\/h2>\n<h2>Artworks<\/h2>\n\n\t\t<div id='gallery-6' class='gallery galleryid-3266 gallery-columns-6 gallery-size-medium gallery1'><script type=\"text\/javascript\">\r\n\/\/ <![CDATA[\r\n\tjQuery(document).ready(function () {\r\n\t\tjQuery(\".gallery1 a\").attr(\"rel\",\"gallery1\");\t\r\n\t\tjQuery('a[rel=\"gallery1\"]').colorbox({maxWidth:\"95%\", maxHeight:\"95%\",title: function(){ return jQuery(this).children().attr(\"alt\"); }, });\r\n\t});\r\n\/\/ ]]>\r\n<\/script>\n<figure class=\"gallery-item\">\n<div class=\"gallery-icon\">\r\n<a href=\"https:\/\/laboitedejeu.fr\/wp-content\/uploads\/2021\/04\/iawk_cartes_menaces_01_ombre.jpg\" title=\"\" rel=\"gallery1\"><img src=\"https:\/\/laboitedejeu.fr\/wp-content\/uploads\/2021\/04\/iawk_cartes_menaces_01_ombre-214x300.jpg\" width=\"214\" height=\"300\" alt=\"\" \/><\/a>\r\n<\/div><\/figure><figure class=\"gallery-item\">\n<div class=\"gallery-icon\">\r\n<a href=\"https:\/\/laboitedejeu.fr\/wp-content\/uploads\/2021\/04\/iawk_cartes_monuments_03_grand_phare.jpg\" title=\"\" rel=\"gallery1\"><img src=\"https:\/\/laboitedejeu.fr\/wp-content\/uploads\/2021\/04\/iawk_cartes_monuments_03_grand_phare-214x300.jpg\" width=\"214\" height=\"300\" alt=\"\" \/><\/a>\r\n<\/div><\/figure><figure class=\"gallery-item\">\n<div class=\"gallery-icon\">\r\n<a href=\"https:\/\/laboitedejeu.fr\/wp-content\/uploads\/2021\/04\/iawk_cartes_tresors_04_coffre.jpg\" title=\"\" rel=\"gallery1\"><img src=\"https:\/\/laboitedejeu.fr\/wp-content\/uploads\/2021\/04\/iawk_cartes_tresors_04_coffre-214x300.jpg\" width=\"214\" height=\"300\" alt=\"\" \/><\/a>\r\n<\/div><\/figure><figure class=\"gallery-item\">\n<div class=\"gallery-icon\">\r\n<a href=\"https:\/\/laboitedejeu.fr\/wp-content\/uploads\/2021\/04\/iawk_cartes_decouverte_09_oeuf_de_dragon.jpg\" title=\"\" rel=\"gallery1\"><img src=\"https:\/\/laboitedejeu.fr\/wp-content\/uploads\/2021\/04\/iawk_cartes_decouverte_09_oeuf_de_dragon-214x300.jpg\" width=\"214\" height=\"300\" alt=\"\" \/><\/a>\r\n<\/div><\/figure><figure class=\"gallery-item\">\n<div class=\"gallery-icon\">\r\n<a href=\"https:\/\/laboitedejeu.fr\/wp-content\/uploads\/2021\/04\/iawk_cartes_structures_08_hameau.jpg\" title=\"\" rel=\"gallery1\"><img src=\"https:\/\/laboitedejeu.fr\/wp-content\/uploads\/2021\/04\/iawk_cartes_structures_08_hameau-214x300.jpg\" width=\"214\" height=\"300\" alt=\"\" \/><\/a>\r\n<\/div><\/figure><figure class=\"gallery-item\">\n<div class=\"gallery-icon\">\r\n<a href=\"https:\/\/laboitedejeu.fr\/wp-content\/uploads\/2021\/04\/iawk_cartes_monuments_09_forge_alchimique.jpg\" title=\"\" rel=\"gallery1\"><img src=\"https:\/\/laboitedejeu.fr\/wp-content\/uploads\/2021\/04\/iawk_cartes_monuments_09_forge_alchimique-214x300.jpg\" width=\"214\" height=\"300\" alt=\"\" \/><\/a>\r\n<\/div><\/figure>\r\n\t\t<\/div>\n\n<h2>Press Kit<\/h2>\n<p><a href=\"https:\/\/www.laboitedejeu.fr\/wp-content\/uploads\/2021\/04\/Press-kit-reviewer.zip\" target=\"_blank\" rel=\"noopener\">Download the Press Kit for It&#8217;s a Wonderful Kingdom<\/a><\/p>\n<h2>Rules<\/h2>\n<ul>\n<li><a href=\"https:\/\/www.laboitedejeu.fr\/wp-content\/uploads\/2021\/06\/IWK-EN-STD-rules.pdf\">English rules<\/a><\/li>\n<li><a href=\"https:\/\/www.laboitedejeu.fr\/wp-content\/uploads\/2021\/06\/IWK-EN-LEGE-extraRules.pdf\">English Legends rules<\/a><\/li>\n<li><a href=\"https:\/\/www.laboitedejeu.fr\/wp-content\/uploads\/2021\/06\/IWK-FR-STD-rules.pdf\">French rules<\/a><\/li>\n<li><a href=\"https:\/\/www.laboitedejeu.fr\/wp-content\/uploads\/2021\/06\/IWK-FR-LEGE-extraRules.pdf\">French Legends rules<\/a><\/li>\n<li><a href=\"https:\/\/www.laboitedejeu.fr\/wp-content\/uploads\/2021\/11\/IWK-IT-STD-rules.pdf\">Italian rules<\/a><\/li>\n<li><a href=\"https:\/\/www.laboitedejeu.fr\/wp-content\/uploads\/2021\/11\/IWK-IT-LEGE-rules.pdf\">Italian Legends rules<\/a><\/li>\n<li><a href=\"https:\/\/www.laboitedejeu.fr\/wp-content\/uploads\/2021\/11\/IWK-ES-STD-rules-.pdf\">Spanish rules<\/a><\/li>\n<li><a href=\"https:\/\/www.laboitedejeu.fr\/wp-content\/uploads\/2021\/11\/IWK-SPANISH-LEGE-extraRules.pdf\">Spanish Legends rules<\/a><\/li>\n<li><a href=\"https:\/\/www.laboitedejeu.fr\/wp-content\/uploads\/2021\/11\/IWK-PL-STD-rules.pdf\">Polish rules<\/a><\/li>\n<li><a href=\"https:\/\/www.laboitedejeu.fr\/wp-content\/uploads\/2021\/11\/IWK-PL-LEGE-extraRules.pdf\">Polish Legends rules<\/a><\/li>\n<\/ul>\n<h2>FAQ<\/h2>\n<ul>\n<li>In Solo mode, you can perform a Search everytime you have selected an Offering (not just once per round).<\/li>\n<li>When you play with the Quest module, you don\u2019t have to transmute the cubes from your Alchemy area into Krystallium. You can keep them instead and use them to pay the costs of the Steps of the Quest.<\/li>\n<li>If you are not sure which component is which, here is <a href=\"https:\/\/www.laboitedejeu.fr\/wp-content\/uploads\/2021\/12\/IWK-EN-STD-contents.pdf\">the list of the components with pictures<\/a>.<\/li>\n<li>Regarding the Advisor card &#8220;Tyrannical \u202fForeman&#8221;, you have to choose ONE type of basic resource each time you activate the card, and place only cubes of this color on your cards under construction.<\/li>\n<\/ul>\n<h2>FAQ Legends<\/h2>\n<ul>\n<li>The resources that Syphons produce count toward supremacy.<\/li>\n<li>Unlike what you can read in one of the explanation examples of the Additional Rules, the Menace Card &#8220;Black Dragon Egg&#8221; grants you 10 Victory Points (not 9) if you manage to gather 2 of them.<\/li>\n<li>If the Black Dragon matriarch or patriarch were not able to make you discard a Soldier token during the Planning phase (because you did not have any), and if you get a new Soldier token during the Production phase, you must discard this token.<\/li>\n<li>If you play with the Senada duchy, place this token <a href=\"https:\/\/www.laboitedejeu.fr\/wp-content\/uploads\/2021\/12\/senada-token.png\"><img loading=\"lazy\" class=\"alignnone wp-image-3956\" src=\"https:\/\/www.laboitedejeu.fr\/wp-content\/uploads\/2021\/12\/senada-token-150x150.png\" alt=\"\" width=\"49\" height=\"49\" srcset=\"https:\/\/laboitedejeu.fr\/wp-content\/uploads\/2021\/12\/senada-token-150x150.png 150w, https:\/\/laboitedejeu.fr\/wp-content\/uploads\/2021\/12\/senada-token-300x300.png 300w, https:\/\/laboitedejeu.fr\/wp-content\/uploads\/2021\/12\/senada-token-350x350.png 350w, https:\/\/laboitedejeu.fr\/wp-content\/uploads\/2021\/12\/senada-token-270x270.png 270w, https:\/\/laboitedejeu.fr\/wp-content\/uploads\/2021\/12\/senada-token-230x230.png 230w, https:\/\/laboitedejeu.fr\/wp-content\/uploads\/2021\/12\/senada-token.png 454w\" sizes=\"(max-width: 49px) 100vw, 49px\" \/><\/a> on the Production board to replace the symbol of your duchy (it is just visual, it doesn\u2019t change anything in the game).<\/li>\n<li>The Captive Dragon and The Ancestral Treasure quests: This is how the Spy token works: During the Choice phase, you can use this token to peek at a face-down card. If you do, flip this token to its Used side; it will become available again for the next round.<\/li>\n<\/ul>\n<p><\/p>","protected":false},"excerpt":{"rendered":"<p>&nbsp; &nbsp; &nbsp; In It&#8217;s a Wonderful Kingdom, you&#8217;ll play as a Duchy looking for power. The empty throne of the former Monarch calls for a legitimate heir. Fight for your place at the head of the Kingdom. You&#8217;ll have to choose the path of your future to enhance and grow faster and bigger than your opponent. Expand the production of your Duchy, trap your opponent, and access to the throne of this Wonderful Kingdom. How to play? During each turn, your opponent and you are going to place cards in 2 different selection zones. Some of them are going<\/p>\n","protected":false},"author":16415,"featured_media":3254,"parent":0,"menu_order":0,"comment_status":"closed","ping_status":"closed","template":"","meta":[],"_links":{"self":[{"href":"https:\/\/laboitedejeu.fr\/en\/wp-json\/wp\/v2\/pages\/3266"}],"collection":[{"href":"https:\/\/laboitedejeu.fr\/en\/wp-json\/wp\/v2\/pages"}],"about":[{"href":"https:\/\/laboitedejeu.fr\/en\/wp-json\/wp\/v2\/types\/page"}],"author":[{"embeddable":true,"href":"https:\/\/laboitedejeu.fr\/en\/wp-json\/wp\/v2\/users\/16415"}],"replies":[{"embeddable":true,"href":"https:\/\/laboitedejeu.fr\/en\/wp-json\/wp\/v2\/comments?post=3266"}],"version-history":[{"count":42,"href":"https:\/\/laboitedejeu.fr\/en\/wp-json\/wp\/v2\/pages\/3266\/revisions"}],"predecessor-version":[{"id":3988,"href":"https:\/\/laboitedejeu.fr\/en\/wp-json\/wp\/v2\/pages\/3266\/revisions\/3988"}],"wp:featuredmedia":[{"embeddable":true,"href":"https:\/\/laboitedejeu.fr\/en\/wp-json\/wp\/v2\/media\/3254"}],"wp:attachment":[{"href":"https:\/\/laboitedejeu.fr\/en\/wp-json\/wp\/v2\/media?parent=3266"}],"curies":[{"name":"wp","href":"https:\/\/api.w.org\/{rel}","templated":true}]}}