{"id":4825,"date":"2023-05-12T14:46:14","date_gmt":"2023-05-12T12:46:14","guid":{"rendered":"https:\/\/www.laboitedejeu.fr\/?page_id=4825"},"modified":"2023-05-15T16:35:46","modified_gmt":"2023-05-15T14:35:46","slug":"foxy-2","status":"publish","type":"page","link":"https:\/\/laboitedejeu.fr\/en\/foxy-2\/","title":{"rendered":"Foxy"},"content":{"rendered":"<p><img loading=\"lazy\" class=\"aligncenter wp-image-4826 size-full\" src=\"https:\/\/www.laboitedejeu.fr\/wp-content\/uploads\/2023\/05\/Foxy.png\" alt=\"\" width=\"888\" height=\"450\" srcset=\"https:\/\/laboitedejeu.fr\/wp-content\/uploads\/2023\/05\/Foxy.png 888w, https:\/\/laboitedejeu.fr\/wp-content\/uploads\/2023\/05\/Foxy-300x152.png 300w, https:\/\/laboitedejeu.fr\/wp-content\/uploads\/2023\/05\/Foxy-768x389.png 768w, https:\/\/laboitedejeu.fr\/wp-content\/uploads\/2023\/05\/Foxy-691x350.png 691w, https:\/\/laboitedejeu.fr\/wp-content\/uploads\/2023\/05\/Foxy-270x137.png 270w, https:\/\/laboitedejeu.fr\/wp-content\/uploads\/2023\/05\/Foxy-592x300.png 592w\" sizes=\"(max-width: 888px) 100vw, 888px\" \/><\/p>\n<p>&nbsp;<\/p>\n<p><em>Foxy, l&#8217;astucieux Renard, vous emm\u00e8ne en ballade au milieu de 4 environnements : la Mer, la Savane, la Campagne et la For\u00eat.<br \/>\nObservez bien les paysages environnants, et restez attentifs pour vous souvenir au mieux de tous les animaux crois\u00e9s sur votre chemin.<br \/>\n<\/em><\/p>\n<h2><\/h2>\n<h2>Comment \u00e7a marche ?<\/h2>\n<p class=\"p1\"><span class=\"s1\"><img loading=\"lazy\" class=\"alignright wp-image-4829\" src=\"https:\/\/www.laboitedejeu.fr\/wp-content\/uploads\/2023\/05\/FOX-FR-STD-FEAR_Eclate-3D-1024x697.png\" alt=\"\" width=\"500\" height=\"341\" srcset=\"https:\/\/laboitedejeu.fr\/wp-content\/uploads\/2023\/05\/FOX-FR-STD-FEAR_Eclate-3D-1024x697.png 1024w, https:\/\/laboitedejeu.fr\/wp-content\/uploads\/2023\/05\/FOX-FR-STD-FEAR_Eclate-3D-300x204.png 300w, https:\/\/laboitedejeu.fr\/wp-content\/uploads\/2023\/05\/FOX-FR-STD-FEAR_Eclate-3D-768x523.png 768w, https:\/\/laboitedejeu.fr\/wp-content\/uploads\/2023\/05\/FOX-FR-STD-FEAR_Eclate-3D-1536x1046.png 1536w, https:\/\/laboitedejeu.fr\/wp-content\/uploads\/2023\/05\/FOX-FR-STD-FEAR_Eclate-3D-2048x1395.png 2048w, https:\/\/laboitedejeu.fr\/wp-content\/uploads\/2023\/05\/FOX-FR-STD-FEAR_Eclate-3D-514x350.png 514w, https:\/\/laboitedejeu.fr\/wp-content\/uploads\/2023\/05\/FOX-FR-STD-FEAR_Eclate-3D-270x184.png 270w, https:\/\/laboitedejeu.fr\/wp-content\/uploads\/2023\/05\/FOX-FR-STD-FEAR_Eclate-3D-440x300.png 440w\" sizes=\"(max-width: 500px) 100vw, 500px\" \/><span class=\"fontstyle0\"><br \/>\n<\/span><\/span><\/p>\n<p>Pendant une partie de Foxy, tout le monde joue en m\u00eame temps, au cours de 20 tours de jeu. \u00c0 chacun de ces tours on r\u00e9v\u00e8le une nouvelle carte (qui viendra \u00e0 chaque fois recouvrir la pr\u00e9c\u00e9dente) et tout le monde, en simultan\u00e9, devra :<\/p>\n<p>&#8211; Observer attentivement le nombre et les types d&#8217;animaux pr\u00e9sents sur la carte ainsi retourn\u00e9e<br \/>\n&#8211; Estimer, en fonction de leurs souvenirs, combien d&#8217;animaux, du m\u00eame type que ceux pr\u00e9sents sur la carte du tour en cours, sont apparus depuis le d\u00e9but de la partie.<\/p>\n<p>Notez l&#8217;estimation du tour en cours dans la case correspondante sur votre plateau personnel. Vous gagnerez autant de points \u00e0 la fin de la partie&#8230; SAUF si vous d\u00e9passez la valeur exacte qui \u00e9tait attendue. Autrement dit, plus votre estimation est proche de la r\u00e9alit\u00e9, plus vous gagnez de points. Vous pouvez aussi choisir la prudence et noter une valeur un peu moindre, histoire d&#8217;\u00eatre certain de ne pas d\u00e9passer !<\/p>\n<p>Une fois par partie, vous pouvez parier sur l&#8217;exactitude de la valeur que vous venez de noter, en l&#8217;entourant. Si elle est correcte, vous doublez les points marqu\u00e9s ce tour-ci. Mais attention, car si elle diff\u00e8re de la valeur exacte, vous n&#8217;obtenez AUCUN point (exactement comme lorsque vous d\u00e9passez la valeur attendue).<\/p>\n<p>Foxy est donc un jeu dans lequel il faudra \u00eatre observateur et astucieux : \u00e0 vous de g\u00e9rer la prise de risque de chacune de vos estimations, et de prendre (ou non) tous les risques lors de votre pari !<\/p>\n<p>Diff\u00e9rentes variantes du jeu vous sont propos\u00e9es :<\/p>\n<ul>\n<li>Une facilitation des r\u00e8gles pour les premi\u00e8res parties, ou pour jouer avec les plus jeunes (ou les plus \u00e9tourdis ? \ud83d\ude42 )<\/li>\n<li>Une variante experte, pour qui aura acquis une bonne exp\u00e9rience sur le jeu et cherche \u00e0 relever le challenge<\/li>\n<li>Des r\u00e8gles alternatives sur la carte &#8220;Foxy&#8221;, qui vient \u00e0 chaque partie d\u00e9concentrer les participants de diff\u00e9rentes mani\u00e8res : compter le nombre total de types d&#8217;animaux rencontr\u00e9s, compter le nombre total de chats rencontr\u00e9s, compter le nombre total de l&#8217;esp\u00e8ce d&#8217;animaux que vous avez le plus rencontr\u00e9 depuis le d\u00e9but de la partie &#8230; etc &#8230; etc<\/li>\n<li>Un mode solo<\/li>\n<\/ul>\n<p>Il est \u00e0 noter que le jeu est annonc\u00e9 de 1 \u00e0 5 joueurs, par rapport au mat\u00e9riel fourni dans la boite. N\u00e9anmoins, <em>Foxy<\/em> ne pr\u00e9sente pas v\u00e9ritablement de limite maximale de joueurs, car tout le monde joue en m\u00eame temps, en observant les m\u00eames cartes. Ainsi, si vous \u00eates en possession de plusieurs boites, ou si vous souhaitez jouez en ligne avec une cam\u00e9ra, ou si vous souhaitez jouer en \u00e9tant plus nombreux : aucun souci !<\/p>\n<p>Voici un lien vers des plateaux joueurs suppl\u00e9mentaires que nous mettons \u00e0 votre disposition : <a href=\"https:\/\/www.laboitedejeu.fr\/wp-content\/uploads\/2023\/05\/FOX-FR-STD-FEAR_Plateau-supplementaire-Image.png\">PLATEAU SUPPL\u00c9MENTAIRE<\/a><\/p>\n<p class=\"p1\"><span class=\"s1\"><span class=\"fontstyle0\">\u00a0<\/span><\/span><\/p>\n<h2><\/h2>\n<h2>Infos<\/h2>\n<p><img loading=\"lazy\" class=\"alignleft wp-image-4828\" src=\"https:\/\/www.laboitedejeu.fr\/wp-content\/uploads\/2023\/05\/FOX-FR-STD-FEAR2_FrontViewDroite-606x1024.png\" alt=\"\" width=\"500\" height=\"844\" srcset=\"https:\/\/laboitedejeu.fr\/wp-content\/uploads\/2023\/05\/FOX-FR-STD-FEAR2_FrontViewDroite-606x1024.png 606w, https:\/\/laboitedejeu.fr\/wp-content\/uploads\/2023\/05\/FOX-FR-STD-FEAR2_FrontViewDroite-178x300.png 178w, https:\/\/laboitedejeu.fr\/wp-content\/uploads\/2023\/05\/FOX-FR-STD-FEAR2_FrontViewDroite-207x350.png 207w, https:\/\/laboitedejeu.fr\/wp-content\/uploads\/2023\/05\/FOX-FR-STD-FEAR2_FrontViewDroite-160x270.png 160w, https:\/\/laboitedejeu.fr\/wp-content\/uploads\/2023\/05\/FOX-FR-STD-FEAR2_FrontViewDroite.png 665w\" sizes=\"(max-width: 500px) 100vw, 500px\" \/><\/p>\n<p>&nbsp;<\/p>\n<p>&nbsp;<\/p>\n<ul>\n<li>De 1 \u00e0 5 joueurs (avec une seule boite, mais sans limite maximum de joueurs en utilisant des <a href=\"https:\/\/www.gateongames.com\/wp-content\/uploads\/2022\/10\/foxy-board-v1.pdf\">plateaux suppl\u00e9mentaires<\/a>)<\/li>\n<li>8 ans et plus<\/li>\n<li>15 minutes<\/li>\n<li>Auteur : David Spada<\/li>\n<li>Illustrateur : Stefano Tartarotti<\/li>\n<li>Disponibilit\u00e9 : 2 Juin 2023<\/li>\n<li>Distributeur : Blackrock Games<\/li>\n<li>Prix public conseill\u00e9 : 18\u20ac<\/li>\n<\/ul>\n<h2><\/h2>\n<h2><\/h2>\n<h2><\/h2>\n<h2><\/h2>\n<p>&nbsp;<\/p>\n<h2><\/h2>\n<h2><\/h2>\n<h2><\/h2>\n<h2><\/h2>\n<h2><\/h2>\n<h2><\/h2>\n<h2><\/h2>\n<h2>Contenu<\/h2>\n<ul>\n<li>48 Cartes (dans 4 environnements : savane, for\u00eat, campagne, mer)<\/li>\n<li>1 carte Foxy<\/li>\n<li>1 carte BD (non-utilis\u00e9e en jeu)<\/li>\n<li>5 Plateaux Joueur Effa\u00e7ables<\/li>\n<li>1 Plateau Compt&#8217;Animaux effa\u00e7able\/Aide de jeu<\/li>\n<li>5 Feutres Effa\u00e7ables<\/li>\n<li>1 livret de r\u00e8gles<\/li>\n<\/ul>\n<p>&nbsp;<\/p>\n<div class=\"page\" title=\"Page 2\">\n<div class=\"section\">\n<div class=\"layoutArea\">\n<h2>R\u00e8gles<\/h2>\n<ul>\n<li><a href=\"https:\/\/www.laboitedejeu.fr\/wp-content\/uploads\/2023\/05\/foxy-rulebook-eng-v8.pdf\">Livret de r\u00e8gles en Anglais et Italien<\/a><\/li>\n<li><a href=\"https:\/\/www.laboitedejeu.fr\/wp-content\/uploads\/2023\/05\/FOX-FR-STD-rulebook.pdf\">Livret de r\u00e8gles en Fran\u00e7ais<\/a><\/li>\n<\/ul>\n<\/div>\n<\/div>\n<\/div>\n<h2><\/h2>\n<h2>Kit Presse<\/h2>\n\n\t\t<div id='gallery-2' class='gallery galleryid-4825 gallery-columns-4 gallery-size-thumbnail gallery1'><script type=\"text\/javascript\">\r\n\/\/ <![CDATA[\r\n\tjQuery(document).ready(function () {\r\n\t\tjQuery(\".gallery1 a\").attr(\"rel\",\"gallery1\");\t\r\n\t\tjQuery('a[rel=\"gallery1\"]').colorbox({maxWidth:\"95%\", maxHeight:\"95%\",title: function(){ return jQuery(this).children().attr(\"alt\"); }, });\r\n\t});\r\n\/\/ ]]>\r\n<\/script>\n<figure class=\"gallery-item\">\n<div class=\"gallery-icon\">\r\n<a href=\"https:\/\/laboitedejeu.fr\/wp-content\/uploads\/2023\/05\/FOX-FR-STD-FEAR2_FrontViewDroite-606x1024.png\" title=\"\" rel=\"gallery1\"><img src=\"https:\/\/laboitedejeu.fr\/wp-content\/uploads\/2023\/05\/FOX-FR-STD-FEAR2_FrontViewDroite-150x150.png\" width=\"150\" height=\"150\" alt=\"\" \/><\/a>\r\n<\/div><\/figure><figure class=\"gallery-item\">\n<div class=\"gallery-icon\">\r\n<a href=\"https:\/\/laboitedejeu.fr\/wp-content\/uploads\/2023\/05\/Foxy.png\" title=\"\" rel=\"gallery1\"><img src=\"https:\/\/laboitedejeu.fr\/wp-content\/uploads\/2023\/05\/Foxy-150x150.png\" width=\"150\" height=\"150\" alt=\"\" \/><\/a>\r\n<\/div><\/figure><figure class=\"gallery-item\">\n<div class=\"gallery-icon\">\r\n<a href=\"https:\/\/laboitedejeu.fr\/wp-content\/uploads\/2023\/05\/FOX-FR-STD-FEAR-579x1024.png\" title=\"\" rel=\"gallery1\"><img src=\"https:\/\/laboitedejeu.fr\/wp-content\/uploads\/2023\/05\/FOX-FR-STD-FEAR-150x150.png\" width=\"150\" height=\"150\" alt=\"\" \/><\/a>\r\n<\/div><\/figure><figure class=\"gallery-item\">\n<div class=\"gallery-icon\">\r\n<a href=\"https:\/\/laboitedejeu.fr\/wp-content\/uploads\/2023\/05\/FOX-FR-STD-FEAR_Eclate-3D-1024x697.png\" title=\"\" rel=\"gallery1\"><img src=\"https:\/\/laboitedejeu.fr\/wp-content\/uploads\/2023\/05\/FOX-FR-STD-FEAR_Eclate-3D-150x150.png\" width=\"150\" height=\"150\" alt=\"\" \/><\/a>\r\n<\/div><\/figure><figure class=\"gallery-item\">\n<div class=\"gallery-icon\">\r\n<a href=\"https:\/\/laboitedejeu.fr\/wp-content\/uploads\/2023\/05\/FOX-FR-STD-FEAR2_FrontViewGauche-606x1024.png\" title=\"\" rel=\"gallery1\"><img src=\"https:\/\/laboitedejeu.fr\/wp-content\/uploads\/2023\/05\/FOX-FR-STD-FEAR2_FrontViewGauche-150x150.png\" width=\"150\" height=\"150\" alt=\"\" \/><\/a>\r\n<\/div><\/figure><figure class=\"gallery-item\">\n<div class=\"gallery-icon\">\r\n<a href=\"https:\/\/laboitedejeu.fr\/wp-content\/uploads\/2023\/05\/FIX-FR-STD-FEAR_Dos-de-Boite.png\" title=\"\" rel=\"gallery1\"><img src=\"https:\/\/laboitedejeu.fr\/wp-content\/uploads\/2023\/05\/FIX-FR-STD-FEAR_Dos-de-Boite-150x150.png\" width=\"150\" height=\"150\" alt=\"\" \/><\/a>\r\n<\/div><\/figure><figure class=\"gallery-item\">\n<div class=\"gallery-icon\">\r\n<a href=\"https:\/\/laboitedejeu.fr\/wp-content\/uploads\/2023\/05\/FOX-FR-STD-FEAR_Plateau-supplementaire-Image.png\" title=\"\" rel=\"gallery1\"><img src=\"https:\/\/laboitedejeu.fr\/wp-content\/uploads\/2023\/05\/FOX-FR-STD-FEAR_Plateau-supplementaire-Image-150x150.png\" width=\"150\" height=\"150\" alt=\"\" \/><\/a>\r\n<\/div><\/figure>\r\n\t\t<\/div>\n\n<p><img loading=\"lazy\" class=\"aligncenter wp-image-4328\" src=\"https:\/\/www.laboitedejeu.fr\/wp-content\/uploads\/2022\/05\/SUPP-EN-LOGO-TITLE-300x140.png\" alt=\"\" width=\"1000\" height=\"467\" srcset=\"https:\/\/laboitedejeu.fr\/wp-content\/uploads\/2022\/05\/SUPP-EN-LOGO-TITLE-300x140.png 300w, https:\/\/laboitedejeu.fr\/wp-content\/uploads\/2022\/05\/SUPP-EN-LOGO-TITLE-1024x478.png 1024w, https:\/\/laboitedejeu.fr\/wp-content\/uploads\/2022\/05\/SUPP-EN-LOGO-TITLE-768x358.png 768w, https:\/\/laboitedejeu.fr\/wp-content\/uploads\/2022\/05\/SUPP-EN-LOGO-TITLE-1536x717.png 1536w, https:\/\/laboitedejeu.fr\/wp-content\/uploads\/2022\/05\/SUPP-EN-LOGO-TITLE-750x350.png 750w, https:\/\/laboitedejeu.fr\/wp-content\/uploads\/2022\/05\/SUPP-EN-LOGO-TITLE-270x126.png 270w, https:\/\/laboitedejeu.fr\/wp-content\/uploads\/2022\/05\/SUPP-EN-LOGO-TITLE-642x300.png 642w, https:\/\/laboitedejeu.fr\/wp-content\/uploads\/2022\/05\/SUPP-EN-LOGO-TITLE.png 1772w\" sizes=\"(max-width: 1000px) 100vw, 1000px\" \/><\/p>\n<p>&nbsp;<\/p>\n<p><em>\u00a0<span class=\"fontstyle0\">During a quiet afternoon, children discover 2 magical dice in their room, hidden in a small box. As they roll the dice, all their plushies come to life and express their greatest wish: becoming Superheroes&#8230; or better yet&#8230; Super Plushies !!<\/span><\/em><\/p>\n<p>&nbsp;<\/p>\n<h2>How to play ?<\/h2>\n<p class=\"p1\"><span class=\"s1\"><img loading=\"lazy\" class=\"alignright wp-image-4332 size-large\" src=\"https:\/\/www.laboitedejeu.fr\/wp-content\/uploads\/2022\/05\/Render8-1024x1024.png\" alt=\"\" width=\"750\" height=\"750\" srcset=\"https:\/\/laboitedejeu.fr\/wp-content\/uploads\/2022\/05\/Render8-1024x1024.png 1024w, https:\/\/laboitedejeu.fr\/wp-content\/uploads\/2022\/05\/Render8-300x300.png 300w, https:\/\/laboitedejeu.fr\/wp-content\/uploads\/2022\/05\/Render8-150x150.png 150w, https:\/\/laboitedejeu.fr\/wp-content\/uploads\/2022\/05\/Render8-768x768.png 768w, https:\/\/laboitedejeu.fr\/wp-content\/uploads\/2022\/05\/Render8-1536x1536.png 1536w, https:\/\/laboitedejeu.fr\/wp-content\/uploads\/2022\/05\/Render8-350x350.png 350w, https:\/\/laboitedejeu.fr\/wp-content\/uploads\/2022\/05\/Render8-270x270.png 270w, https:\/\/laboitedejeu.fr\/wp-content\/uploads\/2022\/05\/Render8-230x230.png 230w, https:\/\/laboitedejeu.fr\/wp-content\/uploads\/2022\/05\/Render8.png 2048w\" sizes=\"(max-width: 750px) 100vw, 750px\" \/><span class=\"fontstyle0\"><br \/>\nIn this game, the players have to create the best Super Plushies team. To do so, they have to recruit 4 heroes by giving them the necessary equipment, such as gloves, boots, capes and masks they need for their outfit.<br \/>\n<\/span><\/span>For that, all you have to do is throw the dice, one after the other. Their result will allow players to collect different ressources. But be carefull, the storage capacity of your room is limited!<br \/>\nYou will then be able to spend these gathered ressources in order to help a Plushy in its transformation. Each Super Plushy joining your team this way will grant you a certain amount of stars. The player who ends up with the most stars in their team at the end wins the game!<\/p>\n<p>&nbsp;<\/p>\n<h2><\/h2>\n<h2><\/h2>\n<h2><\/h2>\n<h2>Info<\/h2>\n<p><img loading=\"lazy\" class=\"alignleft wp-image-4330\" src=\"https:\/\/www.laboitedejeu.fr\/wp-content\/uploads\/2022\/05\/SUP-EN-STD_FrontViewDroite-300x300.png\" alt=\"\" width=\"500\" height=\"500\" srcset=\"https:\/\/laboitedejeu.fr\/wp-content\/uploads\/2022\/05\/SUP-EN-STD_FrontViewDroite-300x300.png 300w, https:\/\/laboitedejeu.fr\/wp-content\/uploads\/2022\/05\/SUP-EN-STD_FrontViewDroite-1024x1024.png 1024w, https:\/\/laboitedejeu.fr\/wp-content\/uploads\/2022\/05\/SUP-EN-STD_FrontViewDroite-150x150.png 150w, https:\/\/laboitedejeu.fr\/wp-content\/uploads\/2022\/05\/SUP-EN-STD_FrontViewDroite-768x768.png 768w, https:\/\/laboitedejeu.fr\/wp-content\/uploads\/2022\/05\/SUP-EN-STD_FrontViewDroite-1536x1536.png 1536w, https:\/\/laboitedejeu.fr\/wp-content\/uploads\/2022\/05\/SUP-EN-STD_FrontViewDroite-2048x2048.png 2048w, https:\/\/laboitedejeu.fr\/wp-content\/uploads\/2022\/05\/SUP-EN-STD_FrontViewDroite-350x350.png 350w, https:\/\/laboitedejeu.fr\/wp-content\/uploads\/2022\/05\/SUP-EN-STD_FrontViewDroite-270x270.png 270w, https:\/\/laboitedejeu.fr\/wp-content\/uploads\/2022\/05\/SUP-EN-STD_FrontViewDroite-230x230.png 230w\" sizes=\"(max-width: 500px) 100vw, 500px\" \/><\/p>\n<p>&nbsp;<\/p>\n<p>&nbsp;<\/p>\n<ul>\n<li>From 1 to 4 players<\/li>\n<li>6 years old and older<\/li>\n<li>15 minutes<\/li>\n<li>Designer: Moritz Schuster<\/li>\n<li>Illustrator: Mathieu Leyssenne<\/li>\n<li>Available: Octobre 2022<\/li>\n<li>Distributor: Blackrock Games<\/li>\n<li>MSRP: 24\u20ac<\/li>\n<\/ul>\n<h2><\/h2>\n<h2><\/h2>\n<h2><\/h2>\n<h2><\/h2>\n<h2><\/h2>\n<h2>Content<\/h2>\n<ul>\n<li>48 Equipement tokens (12 gloves, 12 boots, 12 capes, 12 masks)<\/li>\n<li>1 First player token<\/li>\n<li>24 Super Plushies cards<\/li>\n<li>8 Bonus Cards<\/li>\n<li>2 Dice<\/li>\n<li>4 Room board<\/li>\n<\/ul>\n<div class=\"page\" title=\"Page 2\">\n<div class=\"section\">\n<div class=\"layoutArea\">\n<h2>Rules<\/h2>\n<ul>\n<li><a href=\"https:\/\/www.laboitedejeu.fr\/wp-content\/uploads\/2022\/05\/SUPP-EN-Rules.pdf\">English Rulebook<\/a><\/li>\n<li><a href=\"https:\/\/www.laboitedejeu.fr\/wp-content\/uploads\/2022\/05\/SUPP-FR-Rules.pdf\">French rulebook<\/a><\/li>\n<\/ul>\n<\/div>\n<\/div>\n<\/div>\n<h2>Presskit<\/h2>\n<p><img loading=\"lazy\" class=\"alignleft wp-image-4327 size-large\" src=\"https:\/\/www.laboitedejeu.fr\/wp-content\/uploads\/2022\/05\/SUPP-EN-BOX2-1024x1024.jpg\" alt=\"\" width=\"750\" height=\"750\" srcset=\"https:\/\/laboitedejeu.fr\/wp-content\/uploads\/2022\/05\/SUPP-EN-BOX2-1024x1024.jpg 1024w, https:\/\/laboitedejeu.fr\/wp-content\/uploads\/2022\/05\/SUPP-EN-BOX2-300x300.jpg 300w, https:\/\/laboitedejeu.fr\/wp-content\/uploads\/2022\/05\/SUPP-EN-BOX2-150x150.jpg 150w, https:\/\/laboitedejeu.fr\/wp-content\/uploads\/2022\/05\/SUPP-EN-BOX2-768x769.jpg 768w, https:\/\/laboitedejeu.fr\/wp-content\/uploads\/2022\/05\/SUPP-EN-BOX2-1534x1536.jpg 1534w, https:\/\/laboitedejeu.fr\/wp-content\/uploads\/2022\/05\/SUPP-EN-BOX2-2045x2048.jpg 2045w, https:\/\/laboitedejeu.fr\/wp-content\/uploads\/2022\/05\/SUPP-EN-BOX2-349x350.jpg 349w, https:\/\/laboitedejeu.fr\/wp-content\/uploads\/2022\/05\/SUPP-EN-BOX2-270x270.jpg 270w, https:\/\/laboitedejeu.fr\/wp-content\/uploads\/2022\/05\/SUPP-EN-BOX2-230x230.jpg 230w\" sizes=\"(max-width: 750px) 100vw, 750px\" \/><\/p>\n<p>&nbsp;<\/p>","protected":false},"excerpt":{"rendered":"<p>&nbsp; Foxy, l&#8217;astucieux Renard, vous emm\u00e8ne en ballade au milieu de 4 environnements : la Mer, la Savane, la Campagne et la For\u00eat. Observez bien les paysages environnants, et restez attentifs pour vous souvenir au mieux de tous les animaux crois\u00e9s sur votre chemin. Comment \u00e7a marche ? Pendant une partie de Foxy, tout le monde joue en m\u00eame temps, au cours de 20 tours de jeu. \u00c0 chacun de ces tours on r\u00e9v\u00e8le une nouvelle carte (qui viendra \u00e0 chaque fois recouvrir la pr\u00e9c\u00e9dente) et tout le monde, en simultan\u00e9, devra : &#8211; Observer attentivement le nombre et les<\/p>\n","protected":false},"author":16415,"featured_media":0,"parent":0,"menu_order":0,"comment_status":"closed","ping_status":"closed","template":"","meta":[],"_links":{"self":[{"href":"https:\/\/laboitedejeu.fr\/en\/wp-json\/wp\/v2\/pages\/4825"}],"collection":[{"href":"https:\/\/laboitedejeu.fr\/en\/wp-json\/wp\/v2\/pages"}],"about":[{"href":"https:\/\/laboitedejeu.fr\/en\/wp-json\/wp\/v2\/types\/page"}],"author":[{"embeddable":true,"href":"https:\/\/laboitedejeu.fr\/en\/wp-json\/wp\/v2\/users\/16415"}],"replies":[{"embeddable":true,"href":"https:\/\/laboitedejeu.fr\/en\/wp-json\/wp\/v2\/comments?post=4825"}],"version-history":[{"count":5,"href":"https:\/\/laboitedejeu.fr\/en\/wp-json\/wp\/v2\/pages\/4825\/revisions"}],"predecessor-version":[{"id":4843,"href":"https:\/\/laboitedejeu.fr\/en\/wp-json\/wp\/v2\/pages\/4825\/revisions\/4843"}],"wp:attachment":[{"href":"https:\/\/laboitedejeu.fr\/en\/wp-json\/wp\/v2\/media?parent=4825"}],"curies":[{"name":"wp","href":"https:\/\/api.w.org\/{rel}","templated":true}]}}