{"id":5718,"date":"2025-01-31T14:03:41","date_gmt":"2025-01-31T13:03:41","guid":{"rendered":"https:\/\/www.laboitedejeu.fr\/?page_id=5718"},"modified":"2026-01-20T17:43:54","modified_gmt":"2026-01-20T16:43:54","slug":"backstories-lembrasement","status":"publish","type":"page","link":"https:\/\/laboitedejeu.fr\/en\/backstories-lembrasement\/","title":{"rendered":"Backstories : The Blaze"},"content":{"rendered":"<p><img loading=\"lazy\" class=\"aligncenter wp-image-5268 size-full\" src=\"https:\/\/www.laboitedejeu.fr\/wp-content\/uploads\/2024\/05\/Backstories-logo-titre.png\" alt=\"\" width=\"1284\" height=\"609\" srcset=\"https:\/\/laboitedejeu.fr\/wp-content\/uploads\/2024\/05\/Backstories-logo-titre.png 1284w, https:\/\/laboitedejeu.fr\/wp-content\/uploads\/2024\/05\/Backstories-logo-titre-300x142.png 300w, https:\/\/laboitedejeu.fr\/wp-content\/uploads\/2024\/05\/Backstories-logo-titre-1024x486.png 1024w, https:\/\/laboitedejeu.fr\/wp-content\/uploads\/2024\/05\/Backstories-logo-titre-768x364.png 768w, https:\/\/laboitedejeu.fr\/wp-content\/uploads\/2024\/05\/Backstories-logo-titre-738x350.png 738w, https:\/\/laboitedejeu.fr\/wp-content\/uploads\/2024\/05\/Backstories-logo-titre-270x128.png 270w, https:\/\/laboitedejeu.fr\/wp-content\/uploads\/2024\/05\/Backstories-logo-titre-633x300.png 633w\" sizes=\"(max-width: 1284px) 100vw, 1284px\" \/><\/p>\n<p>&nbsp;<\/p>\n<p><em>L&#8217;Embrasement a mis fin \u00e0 la soci\u00e9t\u00e9 telle qu&#8217;on la connaissait. Les quelques survivants s&#8217;organisent en petites communaut\u00e9s dans ce monde post-apocalyptique. Ancien Milicien, parti s&#8217;isoler dans un havre de paix avec sa famille, vous allez devoir affronter le retour de vos d\u00e9mons du pass\u00e9.<\/em><\/p>\n<p>&nbsp;<\/p>\n<h2>How to play?<\/h2>\n<p>&nbsp;<\/p>\n<p class=\"p1\"><span class=\"s1\"><img loading=\"lazy\" class=\"alignright wp-image-6774 size-large\" src=\"https:\/\/www.laboitedejeu.fr\/wp-content\/uploads\/2026\/01\/ECLATE-1024x1024.png\" alt=\"\" width=\"750\" height=\"750\" srcset=\"https:\/\/laboitedejeu.fr\/wp-content\/uploads\/2026\/01\/ECLATE-1024x1024.png 1024w, https:\/\/laboitedejeu.fr\/wp-content\/uploads\/2026\/01\/ECLATE-300x300.png 300w, https:\/\/laboitedejeu.fr\/wp-content\/uploads\/2026\/01\/ECLATE-150x150.png 150w, https:\/\/laboitedejeu.fr\/wp-content\/uploads\/2026\/01\/ECLATE-768x768.png 768w, https:\/\/laboitedejeu.fr\/wp-content\/uploads\/2026\/01\/ECLATE-1536x1536.png 1536w, https:\/\/laboitedejeu.fr\/wp-content\/uploads\/2026\/01\/ECLATE-2048x2048.png 2048w, https:\/\/laboitedejeu.fr\/wp-content\/uploads\/2026\/01\/ECLATE-350x350.png 350w, https:\/\/laboitedejeu.fr\/wp-content\/uploads\/2026\/01\/ECLATE-270x270.png 270w, https:\/\/laboitedejeu.fr\/wp-content\/uploads\/2026\/01\/ECLATE-230x230.png 230w\" sizes=\"(max-width: 750px) 100vw, 750px\" \/><\/span><\/p>\n<p>D\u00e9couvrez la troisi\u00e8me aventure de la gamme BACKSTORIES : <em>L&#8217;Embrasement<\/em>\u00a0!<\/p>\n<p>Backstories est un jeu \u00e0 la m\u00e9canique aussi simple que r\u00e9volutionnaire : un peu \u00e0 la mani\u00e8re des jeux vid\u00e9o Point and Clic, interagissez avec votre environnement en avan\u00e7ant dans votre palpitante aventure. Certaines cartes (Panorama) repr\u00e9sentent l&#8217;environnement dans lequel vous \u00e9voluez. D&#8217;autres cartes (Actions) sont perfor\u00e9es, et repr\u00e9sentent les actions que vous pouvez accomplir (Discuter, Fouiller, Objets en votre possession, etc.). Pour interagir, il vous suffit de disposer une carte perfor\u00e9e au dos de la carte Panorama qui vous int\u00e9resse, retournez alors la carte, et il vous suffit de lire le r\u00e9sultat de votre choix.<br \/>\nAttention toutefois, dans chaque sc\u00e9nario que vous parcourrez, chacun de vos choix aura de r\u00e9elles cons\u00e9quences&#8230; Soyez pr\u00eats \u00e0 les assumer !<\/p>\n<p>Dans<em> l&#8217;Embrasement<\/em>, incarnez Ben, un ancien milicien, qui a laiss\u00e9 derri\u00e8re lui son pass\u00e9 violent pour se consacrer \u00e0 sa famille. Mais dans ce monde post-apocalyptique, les probl\u00e8mes ne sont jamais loin et pour sauver votre famille de la menace de vos anciens partenaires, il va falloir parfois faire des choix difficiles et moralement douteux. Quel homme serez vous face \u00e0 l&#8217;adversit\u00e9 ?<\/p>\n<p>C&#8217;est \u00e0 vous de jouer maintenant !<\/p>\n<p>Et n&#8217;oubliez pas : <strong>Vos choix, Votre Aventure !<\/strong><\/p>\n<h2><\/h2>\n<h2>Info<\/h2>\n<p><img loading=\"lazy\" class=\"alignleft wp-image-6779 size-full\" src=\"https:\/\/www.laboitedejeu.fr\/wp-content\/uploads\/2026\/01\/BAC-FR-EMB_FrontRight.png\" alt=\"\" width=\"555\" height=\"689\" srcset=\"https:\/\/laboitedejeu.fr\/wp-content\/uploads\/2026\/01\/BAC-FR-EMB_FrontRight.png 555w, https:\/\/laboitedejeu.fr\/wp-content\/uploads\/2026\/01\/BAC-FR-EMB_FrontRight-242x300.png 242w, https:\/\/laboitedejeu.fr\/wp-content\/uploads\/2026\/01\/BAC-FR-EMB_FrontRight-282x350.png 282w, https:\/\/laboitedejeu.fr\/wp-content\/uploads\/2026\/01\/BAC-FR-EMB_FrontRight-217x270.png 217w\" sizes=\"(max-width: 555px) 100vw, 555px\" \/><\/p>\n<p>&nbsp;<\/p>\n<p>&nbsp;<\/p>\n<p>&nbsp;<\/p>\n<p>&nbsp;<\/p>\n<ul>\n<li>1 \u00e0 6 joueurs<\/li>\n<li>14 ans et plus<\/li>\n<li>60 minutes<\/li>\n<li>Auteurs : Anthony Perone &amp; Jules Messaud<\/li>\n<li>Sc\u00e9nario : Quentin Guidotti &amp; Benoit Bannier<\/li>\n<li>Illustrateur : Cyrille Bertin<\/li>\n<li>Disponibilit\u00e9 : Janvier 2026<\/li>\n<li>\u00c9diteur : La Boite de Jeu<\/li>\n<li>Distributeur : Blackrock Games<\/li>\n<li>Prix public conseill\u00e9 : 18\u20ac<\/li>\n<\/ul>\n<h2><\/h2>\n<h2><\/h2>\n<h2><\/h2>\n<h2><\/h2>\n<h2><\/h2>\n<h2><\/h2>\n<h2><\/h2>\n<h2>Contents<\/h2>\n<ul>\n<li>1 feuillet de r\u00e8gles<\/li>\n<li>158 cartes<\/li>\n<\/ul>\n<div class=\"page\" title=\"Page 2\">\n<div class=\"section\">\n<div class=\"layoutArea\">\n<h2>Rules<\/h2>\n<ul>\n<li><a href=\"https:\/\/www.laboitedejeu.fr\/wp-content\/uploads\/2026\/01\/BAC-FR-EMB-rules-l.pdf\">Livret de r\u00e8gles en Fran\u00e7ais<\/a><\/li>\n<\/ul>\n<\/div>\n<\/div>\n<\/div>\n<h2>FAQ<\/h2>\n<p>&nbsp;<\/p>\n<h2>PressKit<\/h2>\n\n\t\t<div id='gallery-3' class='gallery galleryid-5718 gallery-columns-3 gallery-size-medium gallery1'><script type=\"text\/javascript\">\r\n\/\/ <![CDATA[\r\n\tjQuery(document).ready(function () {\r\n\t\tjQuery(\".gallery1 a\").attr(\"rel\",\"gallery1\");\t\r\n\t\tjQuery('a[rel=\"gallery1\"]').colorbox({maxWidth:\"95%\", maxHeight:\"95%\",title: function(){ return jQuery(this).children().attr(\"alt\"); }, });\r\n\t});\r\n\/\/ ]]>\r\n<\/script>\n<figure class=\"gallery-item\">\n<div class=\"gallery-icon\">\r\n<a href=\"https:\/\/laboitedejeu.fr\/wp-content\/uploads\/2026\/01\/white-1024x486.png\" title=\"\" rel=\"gallery1\"><img src=\"https:\/\/laboitedejeu.fr\/wp-content\/uploads\/2026\/01\/white-300x142.png\" width=\"300\" height=\"142\" alt=\"\" \/><\/a>\r\n<\/div><\/figure><figure class=\"gallery-item\">\n<div class=\"gallery-icon\">\r\n<a href=\"https:\/\/laboitedejeu.fr\/wp-content\/uploads\/2026\/01\/black-1024x486.png\" title=\"\" rel=\"gallery1\"><img src=\"https:\/\/laboitedejeu.fr\/wp-content\/uploads\/2026\/01\/black-300x142.png\" width=\"300\" height=\"142\" alt=\"\" \/><\/a>\r\n<\/div><\/figure><figure class=\"gallery-item\">\n<div class=\"gallery-icon\">\r\n<a href=\"https:\/\/laboitedejeu.fr\/wp-content\/uploads\/2026\/01\/Backstories-logo-titre-1024x486.png\" title=\"\" rel=\"gallery1\"><img src=\"https:\/\/laboitedejeu.fr\/wp-content\/uploads\/2026\/01\/Backstories-logo-titre-300x142.png\" width=\"300\" height=\"142\" alt=\"\" \/><\/a>\r\n<\/div><\/figure><figure class=\"gallery-item\">\n<div class=\"gallery-icon\">\r\n<a href=\"https:\/\/laboitedejeu.fr\/wp-content\/uploads\/2026\/01\/ECLATE-1024x1024.png\" title=\"\" rel=\"gallery1\"><img src=\"https:\/\/laboitedejeu.fr\/wp-content\/uploads\/2026\/01\/ECLATE-300x300.png\" width=\"300\" height=\"300\" alt=\"\" \/><\/a>\r\n<\/div><\/figure><figure class=\"gallery-item\">\n<div class=\"gallery-icon\">\r\n<a href=\"https:\/\/laboitedejeu.fr\/wp-content\/uploads\/2026\/01\/BAC-FR-EMB-box-front-713x1024.png\" title=\"\" rel=\"gallery1\"><img src=\"https:\/\/laboitedejeu.fr\/wp-content\/uploads\/2026\/01\/BAC-FR-EMB-box-front-209x300.png\" width=\"209\" height=\"300\" alt=\"\" \/><\/a>\r\n<\/div><\/figure><figure class=\"gallery-item\">\n<div class=\"gallery-icon\">\r\n<a href=\"https:\/\/laboitedejeu.fr\/wp-content\/uploads\/2026\/01\/BAC-FR-EMB-box-back-713x1024.png\" title=\"\" rel=\"gallery1\"><img src=\"https:\/\/laboitedejeu.fr\/wp-content\/uploads\/2026\/01\/BAC-FR-EMB-box-back-209x300.png\" width=\"209\" height=\"300\" alt=\"\" \/><\/a>\r\n<\/div><\/figure><figure class=\"gallery-item\">\n<div class=\"gallery-icon\">\r\n<a href=\"https:\/\/laboitedejeu.fr\/wp-content\/uploads\/2026\/01\/BAC-FR-EMB_FrontLeft.png\" title=\"\" rel=\"gallery1\"><img src=\"https:\/\/laboitedejeu.fr\/wp-content\/uploads\/2026\/01\/BAC-FR-EMB_FrontLeft-242x300.png\" width=\"242\" height=\"300\" alt=\"\" \/><\/a>\r\n<\/div><\/figure><figure class=\"gallery-item\">\n<div class=\"gallery-icon\">\r\n<a href=\"https:\/\/laboitedejeu.fr\/wp-content\/uploads\/2026\/01\/BAC-FR-EMB_BackRight.png\" title=\"\" rel=\"gallery1\"><img src=\"https:\/\/laboitedejeu.fr\/wp-content\/uploads\/2026\/01\/BAC-FR-EMB_BackRight-242x300.png\" width=\"242\" height=\"300\" alt=\"\" \/><\/a>\r\n<\/div><\/figure><figure class=\"gallery-item\">\n<div class=\"gallery-icon\">\r\n<a href=\"https:\/\/laboitedejeu.fr\/wp-content\/uploads\/2026\/01\/BAC-FR-EMB_FrontRight.png\" title=\"\" rel=\"gallery1\"><img src=\"https:\/\/laboitedejeu.fr\/wp-content\/uploads\/2026\/01\/BAC-FR-EMB_FrontRight-242x300.png\" width=\"242\" height=\"300\" alt=\"\" \/><\/a>\r\n<\/div><\/figure><figure class=\"gallery-item\">\n<div class=\"gallery-icon\">\r\n<a href=\"https:\/\/laboitedejeu.fr\/wp-content\/uploads\/2026\/01\/BAC-FR-EMB_BackLeft.png\" title=\"\" rel=\"gallery1\"><img src=\"https:\/\/laboitedejeu.fr\/wp-content\/uploads\/2026\/01\/BAC-FR-EMB_BackLeft-242x300.png\" width=\"242\" height=\"300\" alt=\"\" \/><\/a>\r\n<\/div><\/figure><figure class=\"gallery-item\">\n<div class=\"gallery-icon\">\r\n<a href=\"https:\/\/laboitedejeu.fr\/wp-content\/uploads\/2026\/01\/BAC-FR-EMB-box-front.jpg\" title=\"\" rel=\"gallery1\"><img src=\"https:\/\/laboitedejeu.fr\/wp-content\/uploads\/2026\/01\/BAC-FR-EMB-box-front-208x300.jpg\" width=\"208\" height=\"300\" alt=\"\" \/><\/a>\r\n<\/div><\/figure>\r\n\t\t<\/div>\n\n<p>\n\t\t<div id='gallery-4' class='gallery galleryid-5718 gallery-columns-3 gallery-size-large gallery1'><script type=\"text\/javascript\">\r\n\/\/ <![CDATA[\r\n\tjQuery(document).ready(function () {\r\n\t\tjQuery(\".gallery1 a\").attr(\"rel\",\"gallery1\");\t\r\n\t\tjQuery('a[rel=\"gallery1\"]').colorbox({maxWidth:\"95%\", maxHeight:\"95%\",title: function(){ return jQuery(this).children().attr(\"alt\"); }, });\r\n\t});\r\n\/\/ ]]>\r\n<\/script>\n<figure class=\"gallery-item\">\n<div class=\"gallery-icon\">\r\n<a href=\"https:\/\/laboitedejeu.fr\/wp-content\/uploads\/2026\/01\/01-2-1024x683.jpg\" title=\"\" rel=\"gallery1\"><img src=\"https:\/\/laboitedejeu.fr\/wp-content\/uploads\/2026\/01\/01-2-1024x683.jpg\" width=\"750\" height=\"500\" alt=\"\" \/><\/a>\r\n<\/div><\/figure><figure class=\"gallery-item\">\n<div class=\"gallery-icon\">\r\n<a href=\"https:\/\/laboitedejeu.fr\/wp-content\/uploads\/2026\/01\/02-2-1024x683.jpg\" title=\"\" rel=\"gallery1\"><img src=\"https:\/\/laboitedejeu.fr\/wp-content\/uploads\/2026\/01\/02-2-1024x683.jpg\" width=\"750\" height=\"500\" alt=\"\" \/><\/a>\r\n<\/div><\/figure><figure class=\"gallery-item\">\n<div class=\"gallery-icon\">\r\n<a href=\"https:\/\/laboitedejeu.fr\/wp-content\/uploads\/2026\/01\/03-2-1024x683.jpg\" title=\"\" rel=\"gallery1\"><img src=\"https:\/\/laboitedejeu.fr\/wp-content\/uploads\/2026\/01\/03-2-1024x683.jpg\" width=\"750\" height=\"500\" alt=\"\" \/><\/a>\r\n<\/div><\/figure><figure class=\"gallery-item\">\n<div class=\"gallery-icon\">\r\n<a href=\"https:\/\/laboitedejeu.fr\/wp-content\/uploads\/2026\/01\/04-2-1024x683.jpg\" title=\"\" rel=\"gallery1\"><img src=\"https:\/\/laboitedejeu.fr\/wp-content\/uploads\/2026\/01\/04-2-1024x683.jpg\" width=\"750\" height=\"500\" alt=\"\" \/><\/a>\r\n<\/div><\/figure><figure class=\"gallery-item\">\n<div class=\"gallery-icon\">\r\n<a href=\"https:\/\/laboitedejeu.fr\/wp-content\/uploads\/2026\/01\/05-2-1024x683.jpg\" title=\"\" rel=\"gallery1\"><img src=\"https:\/\/laboitedejeu.fr\/wp-content\/uploads\/2026\/01\/05-2-1024x683.jpg\" width=\"750\" height=\"500\" alt=\"\" \/><\/a>\r\n<\/div><\/figure><figure class=\"gallery-item\">\n<div class=\"gallery-icon\">\r\n<a href=\"https:\/\/laboitedejeu.fr\/wp-content\/uploads\/2026\/01\/06-2-1024x683.jpg\" title=\"\" rel=\"gallery1\"><img src=\"https:\/\/laboitedejeu.fr\/wp-content\/uploads\/2026\/01\/06-2-1024x683.jpg\" width=\"750\" height=\"500\" alt=\"\" \/><\/a>\r\n<\/div><\/figure><figure class=\"gallery-item\">\n<div class=\"gallery-icon\">\r\n<a href=\"https:\/\/laboitedejeu.fr\/wp-content\/uploads\/2026\/01\/06b-1024x683.jpg\" title=\"\" rel=\"gallery1\"><img src=\"https:\/\/laboitedejeu.fr\/wp-content\/uploads\/2026\/01\/06b-1024x683.jpg\" width=\"750\" height=\"500\" alt=\"\" \/><\/a>\r\n<\/div><\/figure><figure class=\"gallery-item\">\n<div class=\"gallery-icon\">\r\n<a href=\"https:\/\/laboitedejeu.fr\/wp-content\/uploads\/2026\/01\/07-2-1024x683.jpg\" title=\"\" rel=\"gallery1\"><img src=\"https:\/\/laboitedejeu.fr\/wp-content\/uploads\/2026\/01\/07-2-1024x683.jpg\" width=\"750\" height=\"500\" alt=\"\" \/><\/a>\r\n<\/div><\/figure><figure class=\"gallery-item\">\n<div class=\"gallery-icon\">\r\n<a href=\"https:\/\/laboitedejeu.fr\/wp-content\/uploads\/2026\/01\/08-2-1024x683.jpg\" title=\"\" rel=\"gallery1\"><img src=\"https:\/\/laboitedejeu.fr\/wp-content\/uploads\/2026\/01\/08-2-1024x683.jpg\" width=\"750\" height=\"500\" alt=\"\" \/><\/a>\r\n<\/div><\/figure><figure class=\"gallery-item\">\n<div class=\"gallery-icon\">\r\n<a href=\"https:\/\/laboitedejeu.fr\/wp-content\/uploads\/2026\/01\/08b-1024x683.jpg\" title=\"\" rel=\"gallery1\"><img src=\"https:\/\/laboitedejeu.fr\/wp-content\/uploads\/2026\/01\/08b-1024x683.jpg\" width=\"750\" height=\"500\" alt=\"\" \/><\/a>\r\n<\/div><\/figure><figure class=\"gallery-item\">\n<div class=\"gallery-icon\">\r\n<a href=\"https:\/\/laboitedejeu.fr\/wp-content\/uploads\/2026\/01\/09-2-1024x683.jpg\" title=\"\" rel=\"gallery1\"><img src=\"https:\/\/laboitedejeu.fr\/wp-content\/uploads\/2026\/01\/09-2-1024x683.jpg\" width=\"750\" height=\"500\" alt=\"\" \/><\/a>\r\n<\/div><\/figure><figure class=\"gallery-item\">\n<div class=\"gallery-icon\">\r\n<a href=\"https:\/\/laboitedejeu.fr\/wp-content\/uploads\/2026\/01\/10-2-1024x683.jpg\" title=\"\" rel=\"gallery1\"><img src=\"https:\/\/laboitedejeu.fr\/wp-content\/uploads\/2026\/01\/10-2-1024x683.jpg\" width=\"750\" height=\"500\" alt=\"\" \/><\/a>\r\n<\/div><\/figure><figure class=\"gallery-item\">\n<div class=\"gallery-icon\">\r\n<a href=\"https:\/\/laboitedejeu.fr\/wp-content\/uploads\/2026\/01\/11-2-1024x683.jpg\" title=\"\" rel=\"gallery1\"><img src=\"https:\/\/laboitedejeu.fr\/wp-content\/uploads\/2026\/01\/11-2-1024x683.jpg\" width=\"750\" height=\"500\" alt=\"\" \/><\/a>\r\n<\/div><\/figure><figure class=\"gallery-item\">\n<div class=\"gallery-icon\">\r\n<a href=\"https:\/\/laboitedejeu.fr\/wp-content\/uploads\/2026\/01\/12-2-1024x683.jpg\" title=\"\" rel=\"gallery1\"><img src=\"https:\/\/laboitedejeu.fr\/wp-content\/uploads\/2026\/01\/12-2-1024x683.jpg\" width=\"750\" height=\"500\" alt=\"\" \/><\/a>\r\n<\/div><\/figure>\r\n\t\t<\/div>\n<\/p>","protected":false},"excerpt":{"rendered":"<p>&nbsp; L&#8217;Embrasement a mis fin \u00e0 la soci\u00e9t\u00e9 telle qu&#8217;on la connaissait. Les quelques survivants s&#8217;organisent en petites communaut\u00e9s dans ce monde post-apocalyptique. Ancien Milicien, parti s&#8217;isoler dans un havre de paix avec sa famille, vous allez devoir affronter le retour de vos d\u00e9mons du pass\u00e9. &nbsp; How to play? &nbsp; D\u00e9couvrez la troisi\u00e8me aventure de la gamme BACKSTORIES : L&#8217;Embrasement\u00a0! Backstories est un jeu \u00e0 la m\u00e9canique aussi simple que r\u00e9volutionnaire : un peu \u00e0 la mani\u00e8re des jeux vid\u00e9o Point and Clic, interagissez avec votre environnement en avan\u00e7ant dans votre palpitante aventure. Certaines cartes (Panorama) repr\u00e9sentent l&#8217;environnement dans<\/p>\n","protected":false},"author":16415,"featured_media":6779,"parent":0,"menu_order":0,"comment_status":"closed","ping_status":"closed","template":"","meta":[],"_links":{"self":[{"href":"https:\/\/laboitedejeu.fr\/en\/wp-json\/wp\/v2\/pages\/5718"}],"collection":[{"href":"https:\/\/laboitedejeu.fr\/en\/wp-json\/wp\/v2\/pages"}],"about":[{"href":"https:\/\/laboitedejeu.fr\/en\/wp-json\/wp\/v2\/types\/page"}],"author":[{"embeddable":true,"href":"https:\/\/laboitedejeu.fr\/en\/wp-json\/wp\/v2\/users\/16415"}],"replies":[{"embeddable":true,"href":"https:\/\/laboitedejeu.fr\/en\/wp-json\/wp\/v2\/comments?post=5718"}],"version-history":[{"count":6,"href":"https:\/\/laboitedejeu.fr\/en\/wp-json\/wp\/v2\/pages\/5718\/revisions"}],"predecessor-version":[{"id":6832,"href":"https:\/\/laboitedejeu.fr\/en\/wp-json\/wp\/v2\/pages\/5718\/revisions\/6832"}],"wp:featuredmedia":[{"embeddable":true,"href":"https:\/\/laboitedejeu.fr\/en\/wp-json\/wp\/v2\/media\/6779"}],"wp:attachment":[{"href":"https:\/\/laboitedejeu.fr\/en\/wp-json\/wp\/v2\/media?parent=5718"}],"curies":[{"name":"wp","href":"https:\/\/api.w.org\/{rel}","templated":true}]}}