{"id":5855,"date":"2025-07-17T16:29:59","date_gmt":"2025-07-17T14:29:59","guid":{"rendered":"https:\/\/www.laboitedejeu.fr\/?page_id=5855"},"modified":"2026-01-20T16:51:48","modified_gmt":"2026-01-20T15:51:48","slug":"butterfly-effect-le-manoir-de-hill-sing","status":"publish","type":"page","link":"https:\/\/laboitedejeu.fr\/en\/butterfly-effect-le-manoir-de-hill-sing\/","title":{"rendered":"Butterfly Effect &#8211; Hill Sing Manor"},"content":{"rendered":"<p><img loading=\"lazy\" class=\"aligncenter wp-image-6212 size-full\" src=\"https:\/\/www.laboitedejeu.fr\/wp-content\/uploads\/2025\/10\/BUT-LOGO-Black.png\" alt=\"\" width=\"1147\" height=\"811\" srcset=\"https:\/\/laboitedejeu.fr\/wp-content\/uploads\/2025\/10\/BUT-LOGO-Black.png 1147w, https:\/\/laboitedejeu.fr\/wp-content\/uploads\/2025\/10\/BUT-LOGO-Black-300x212.png 300w, https:\/\/laboitedejeu.fr\/wp-content\/uploads\/2025\/10\/BUT-LOGO-Black-1024x724.png 1024w, https:\/\/laboitedejeu.fr\/wp-content\/uploads\/2025\/10\/BUT-LOGO-Black-768x543.png 768w, https:\/\/laboitedejeu.fr\/wp-content\/uploads\/2025\/10\/BUT-LOGO-Black-495x350.png 495w, https:\/\/laboitedejeu.fr\/wp-content\/uploads\/2025\/10\/BUT-LOGO-Black-270x191.png 270w, https:\/\/laboitedejeu.fr\/wp-content\/uploads\/2025\/10\/BUT-LOGO-Black-424x300.png 424w\" sizes=\"(max-width: 1147px) 100vw, 1147px\" \/><\/p>\n<p>&nbsp;<\/p>\n<p><em>Incarnez un groupe d\u2019amies fascin\u00e9es par le paranormal. En qu\u00eate de sensations fortes, vous p\u00e9n\u00e9trez dans un manoir abandonn\u00e9, lieu parfait pour invoquer des esprits. Mais le rituel d\u00e9rape. Une force obscure se r\u00e9veille&#8230; Le manoir se referme sur vous et les ombres du pass\u00e9 r\u00e9clament justice !<\/em><\/p>\n<p>&nbsp;<\/p>\n<h2>Comment \u00e7a marche ?<\/h2>\n<p>&nbsp;<\/p>\n<p class=\"p1\"><span class=\"s1\"><img loading=\"lazy\" class=\"alignright wp-image-6754 size-large\" src=\"https:\/\/www.laboitedejeu.fr\/wp-content\/uploads\/2026\/01\/Setup-1024x1024.png\" alt=\"\" width=\"750\" height=\"750\" srcset=\"https:\/\/laboitedejeu.fr\/wp-content\/uploads\/2026\/01\/Setup-1024x1024.png 1024w, https:\/\/laboitedejeu.fr\/wp-content\/uploads\/2026\/01\/Setup-300x300.png 300w, https:\/\/laboitedejeu.fr\/wp-content\/uploads\/2026\/01\/Setup-150x150.png 150w, https:\/\/laboitedejeu.fr\/wp-content\/uploads\/2026\/01\/Setup-768x768.png 768w, https:\/\/laboitedejeu.fr\/wp-content\/uploads\/2026\/01\/Setup-350x350.png 350w, https:\/\/laboitedejeu.fr\/wp-content\/uploads\/2026\/01\/Setup-270x270.png 270w, https:\/\/laboitedejeu.fr\/wp-content\/uploads\/2026\/01\/Setup-230x230.png 230w, https:\/\/laboitedejeu.fr\/wp-content\/uploads\/2026\/01\/Setup.png 1181w\" sizes=\"(max-width: 750px) 100vw, 750px\" \/><\/span><\/p>\n<p>D\u00e9couvrez la deuxi\u00e8me aventure de la gamme BUTTERFLY EFFECT : <em>Le Manoir de Hill Sing<\/em> !<\/p>\n<p><strong>Butterfly Effect<\/strong> est un jeu narratif et coop\u00e9ratif dont la m\u00e9canique principale repose sur le choix. Tout au long de votre aventure, vous traverserez diff\u00e9rentes \u00c8res (temporelles ou g\u00e9ographiques). Chacune d\u2019elles vous proposera diverses Actions \u00e0 accomplir : \u00e0 vous d\u2019utiliser vos jetons Action pour les r\u00e9aliser et fa\u00e7onner votre personnage. Chaque sc\u00e9nario introduit ses propres m\u00e9caniques renouvelant ainsi l\u2019exp\u00e9rience Butterfly Effect.<\/p>\n<p>Dans <em>Le Manoir de Hill Sing<\/em>, vous incarnez un groupe d\u2019amies attir\u00e9es par le spiritisme, parties explorer un manoir abandonn\u00e9\u2026 Hant\u00e9, il vous pi\u00e8ge entre ses murs ! Pour esp\u00e9rer vous en sortir vivantes, explorez chaque recoin, rassemblez les preuves d\u2019un pass\u00e9 tourment\u00e9 et \u00e9lucidez les myst\u00e8res qui hantent ces lieux en atteignant l\u2019une des 5 fins possibles. Parviendrez-vous \u00e0 lui survivre ?<\/p>\n<p>\u00c0 vous de jouer, maintenant. Mais n\u2019oubliez pas\u2026<\/p>\n<p><strong>Et si un simple choix pouvait tout changer ?<\/strong><\/p>\n<p>&nbsp;<\/p>\n<h2><\/h2>\n<h2>Infos<\/h2>\n<p><img loading=\"lazy\" class=\"alignleft wp-image-6759\" src=\"https:\/\/www.laboitedejeu.fr\/wp-content\/uploads\/2026\/01\/BUT-FR-MAN_FrontRight-726x1024.png\" alt=\"\" width=\"600\" height=\"846\" srcset=\"https:\/\/laboitedejeu.fr\/wp-content\/uploads\/2026\/01\/BUT-FR-MAN_FrontRight-726x1024.png 726w, https:\/\/laboitedejeu.fr\/wp-content\/uploads\/2026\/01\/BUT-FR-MAN_FrontRight-213x300.png 213w, https:\/\/laboitedejeu.fr\/wp-content\/uploads\/2026\/01\/BUT-FR-MAN_FrontRight-768x1083.png 768w, https:\/\/laboitedejeu.fr\/wp-content\/uploads\/2026\/01\/BUT-FR-MAN_FrontRight-248x350.png 248w, https:\/\/laboitedejeu.fr\/wp-content\/uploads\/2026\/01\/BUT-FR-MAN_FrontRight-191x270.png 191w, https:\/\/laboitedejeu.fr\/wp-content\/uploads\/2026\/01\/BUT-FR-MAN_FrontRight.png 821w\" sizes=\"(max-width: 600px) 100vw, 600px\" \/><\/p>\n<p>&nbsp;<\/p>\n<p>&nbsp;<\/p>\n<p>&nbsp;<\/p>\n<p>&nbsp;<\/p>\n<ul>\n<li>1 \u00e0 6 joueurs<\/li>\n<li>12 ans et plus<\/li>\n<li>90 minutes<\/li>\n<li>Auteur : Quentin Guidotti<\/li>\n<li>Illustrateur : Miguel Coimbra<\/li>\n<li>Disponibilit\u00e9 : D\u00e9cembre 2025<\/li>\n<li>\u00c9diteur : La Boite de Jeu<\/li>\n<li>Distributeur : Blackrock Games<\/li>\n<li>Prix public conseill\u00e9 : 20\u20ac<\/li>\n<\/ul>\n<h2><\/h2>\n<h2><\/h2>\n<h2><\/h2>\n<h2><\/h2>\n<h2><\/h2>\n<h2><\/h2>\n<h2><\/h2>\n<h2>Contenu<\/h2>\n<p>\u2022\u00a0 1 livret de Sc\u00e9nario<br \/>\n\u2022 37 cartes Exploration<br \/>\n\u2022 24 cartes Fragment<br \/>\n\u2022 1 plateau Jauges<br \/>\n\u2022 3 curseurs de Jauge<br \/>\n\u2022 10 jetons<br \/>\n\u2022 1 d\u00e9<br \/>\n\u2022 1 planche de stickers<br \/>\n\u2022 1 livret de r\u00e8gles<\/p>\n<div class=\"page\" title=\"Page 2\">\n<div class=\"section\">\n<div class=\"layoutArea\">\n<h2>R\u00e8gles<\/h2>\n<ul>\n<li><a href=\"https:\/\/www.laboitedejeu.fr\/wp-content\/uploads\/2026\/01\/BUT-MAN-FR-RULEBOOK-light.pdf\">Livret de r\u00e8gles en Fran\u00e7ais<\/a><\/li>\n<\/ul>\n<\/div>\n<\/div>\n<\/div>\n<h2>FAQ<\/h2>\n<p>&nbsp;<\/p>\n<h2>Kit Presse<\/h2>\n\n\t\t<div id='gallery-1' class='gallery galleryid-5855 gallery-columns-3 gallery-size-medium gallery1'><script type=\"text\/javascript\">\r\n\/\/ <![CDATA[\r\n\tjQuery(document).ready(function () {\r\n\t\tjQuery(\".gallery1 a\").attr(\"rel\",\"gallery1\");\t\r\n\t\tjQuery('a[rel=\"gallery1\"]').colorbox({maxWidth:\"95%\", maxHeight:\"95%\",title: function(){ return jQuery(this).children().attr(\"alt\"); }, });\r\n\t});\r\n\/\/ ]]>\r\n<\/script>\n<figure class=\"gallery-item\">\n<div class=\"gallery-icon\">\r\n<a href=\"https:\/\/laboitedejeu.fr\/wp-content\/uploads\/2026\/01\/BUT-MAN-FR_EXPLORATION-CARDS-01-758x1024.png\" title=\"\" rel=\"gallery1\"><img src=\"https:\/\/laboitedejeu.fr\/wp-content\/uploads\/2026\/01\/BUT-MAN-FR_EXPLORATION-CARDS-01-222x300.png\" width=\"222\" height=\"300\" alt=\"\" \/><\/a>\r\n<\/div><\/figure><figure class=\"gallery-item\">\n<div class=\"gallery-icon\">\r\n<a href=\"https:\/\/laboitedejeu.fr\/wp-content\/uploads\/2026\/01\/BUT-MAN-FR_FRAGMENT-CARDS-02-733x1024.png\" title=\"\" rel=\"gallery1\"><img src=\"https:\/\/laboitedejeu.fr\/wp-content\/uploads\/2026\/01\/BUT-MAN-FR_FRAGMENT-CARDS-02-215x300.png\" width=\"215\" height=\"300\" alt=\"\" \/><\/a>\r\n<\/div><\/figure><figure class=\"gallery-item\">\n<div class=\"gallery-icon\">\r\n<a href=\"https:\/\/laboitedejeu.fr\/wp-content\/uploads\/2026\/01\/BUT-MAN-FR_FRAGMENT-CARDS-01-733x1024.png\" title=\"\" rel=\"gallery1\"><img src=\"https:\/\/laboitedejeu.fr\/wp-content\/uploads\/2026\/01\/BUT-MAN-FR_FRAGMENT-CARDS-01-215x300.png\" width=\"215\" height=\"300\" alt=\"\" \/><\/a>\r\n<\/div><\/figure><figure class=\"gallery-item\">\n<div class=\"gallery-icon\">\r\n<a href=\"https:\/\/laboitedejeu.fr\/wp-content\/uploads\/2026\/01\/BUT-MAN-FR_EXPLORATION-CARDS-04-683x1024.png\" title=\"\" rel=\"gallery1\"><img src=\"https:\/\/laboitedejeu.fr\/wp-content\/uploads\/2026\/01\/BUT-MAN-FR_EXPLORATION-CARDS-04-200x300.png\" width=\"200\" height=\"300\" alt=\"\" \/><\/a>\r\n<\/div><\/figure><figure class=\"gallery-item\">\n<div class=\"gallery-icon\">\r\n<a href=\"https:\/\/laboitedejeu.fr\/wp-content\/uploads\/2026\/01\/BUT-MAN-FR_EXPLORATION-CARDS-03-683x1024.png\" title=\"\" rel=\"gallery1\"><img src=\"https:\/\/laboitedejeu.fr\/wp-content\/uploads\/2026\/01\/BUT-MAN-FR_EXPLORATION-CARDS-03-200x300.png\" width=\"200\" height=\"300\" alt=\"\" \/><\/a>\r\n<\/div><\/figure><figure class=\"gallery-item\">\n<div class=\"gallery-icon\">\r\n<a href=\"https:\/\/laboitedejeu.fr\/wp-content\/uploads\/2026\/01\/BUT-MAN-FR_EXPLORATION-CARDS-02-683x1024.png\" title=\"\" rel=\"gallery1\"><img src=\"https:\/\/laboitedejeu.fr\/wp-content\/uploads\/2026\/01\/BUT-MAN-FR_EXPLORATION-CARDS-02-200x300.png\" width=\"200\" height=\"300\" alt=\"\" \/><\/a>\r\n<\/div><\/figure><figure class=\"gallery-item\">\n<div class=\"gallery-icon\">\r\n<a href=\"https:\/\/laboitedejeu.fr\/wp-content\/uploads\/2026\/01\/BUT-HIL-FR-BOX-back-745x1024.png\" title=\"\" rel=\"gallery1\"><img src=\"https:\/\/laboitedejeu.fr\/wp-content\/uploads\/2026\/01\/BUT-HIL-FR-BOX-back-218x300.png\" width=\"218\" height=\"300\" alt=\"\" \/><\/a>\r\n<\/div><\/figure><figure class=\"gallery-item\">\n<div class=\"gallery-icon\">\r\n<a href=\"https:\/\/laboitedejeu.fr\/wp-content\/uploads\/2026\/01\/BUT-FR-MAN_BackRight-727x1024.png\" title=\"\" rel=\"gallery1\"><img src=\"https:\/\/laboitedejeu.fr\/wp-content\/uploads\/2026\/01\/BUT-FR-MAN_BackRight-213x300.png\" width=\"213\" height=\"300\" alt=\"\" \/><\/a>\r\n<\/div><\/figure><figure class=\"gallery-item\">\n<div class=\"gallery-icon\">\r\n<a href=\"https:\/\/laboitedejeu.fr\/wp-content\/uploads\/2026\/01\/BUT-FR-MAN_BackLeft-727x1024.png\" title=\"\" rel=\"gallery1\"><img src=\"https:\/\/laboitedejeu.fr\/wp-content\/uploads\/2026\/01\/BUT-FR-MAN_BackLeft-213x300.png\" width=\"213\" height=\"300\" alt=\"\" \/><\/a>\r\n<\/div><\/figure><figure class=\"gallery-item\">\n<div class=\"gallery-icon\">\r\n<a href=\"https:\/\/laboitedejeu.fr\/wp-content\/uploads\/2026\/01\/BUT-HIL-FR-BOX-front-745x1024.png\" title=\"\" rel=\"gallery1\"><img src=\"https:\/\/laboitedejeu.fr\/wp-content\/uploads\/2026\/01\/BUT-HIL-FR-BOX-front-218x300.png\" width=\"218\" height=\"300\" alt=\"\" \/><\/a>\r\n<\/div><\/figure><figure class=\"gallery-item\">\n<div class=\"gallery-icon\">\r\n<a href=\"https:\/\/laboitedejeu.fr\/wp-content\/uploads\/2026\/01\/BUT-FR-MAN_FrontRight-726x1024.png\" title=\"\" rel=\"gallery1\"><img src=\"https:\/\/laboitedejeu.fr\/wp-content\/uploads\/2026\/01\/BUT-FR-MAN_FrontRight-213x300.png\" width=\"213\" height=\"300\" alt=\"\" \/><\/a>\r\n<\/div><\/figure><figure class=\"gallery-item\">\n<div class=\"gallery-icon\">\r\n<a href=\"https:\/\/laboitedejeu.fr\/wp-content\/uploads\/2026\/01\/BUT-FR-MAN_FrontLeft-726x1024.png\" title=\"\" rel=\"gallery1\"><img src=\"https:\/\/laboitedejeu.fr\/wp-content\/uploads\/2026\/01\/BUT-FR-MAN_FrontLeft-213x300.png\" width=\"213\" height=\"300\" alt=\"\" \/><\/a>\r\n<\/div><\/figure><figure class=\"gallery-item\">\n<div class=\"gallery-icon\">\r\n<a href=\"https:\/\/laboitedejeu.fr\/wp-content\/uploads\/2026\/01\/Sticker.png\" title=\"\" rel=\"gallery1\"><img src=\"https:\/\/laboitedejeu.fr\/wp-content\/uploads\/2026\/01\/Sticker-300x300.png\" width=\"300\" height=\"300\" alt=\"\" \/><\/a>\r\n<\/div><\/figure><figure class=\"gallery-item\">\n<div class=\"gallery-icon\">\r\n<a href=\"https:\/\/laboitedejeu.fr\/wp-content\/uploads\/2026\/01\/Setup-1024x1024.png\" title=\"\" rel=\"gallery1\"><img src=\"https:\/\/laboitedejeu.fr\/wp-content\/uploads\/2026\/01\/Setup-300x300.png\" width=\"300\" height=\"300\" alt=\"\" \/><\/a>\r\n<\/div><\/figure><figure class=\"gallery-item\">\n<div class=\"gallery-icon\">\r\n<a href=\"https:\/\/laboitedejeu.fr\/wp-content\/uploads\/2026\/01\/Jauge.png\" title=\"\" rel=\"gallery1\"><img src=\"https:\/\/laboitedejeu.fr\/wp-content\/uploads\/2026\/01\/Jauge-300x300.png\" width=\"300\" height=\"300\" alt=\"\" \/><\/a>\r\n<\/div><\/figure>\r\n\t\t<\/div>\n\n\n\t\t<div id='gallery-2' class='gallery galleryid-5855 gallery-columns-3 gallery-size-large gallery1'><script type=\"text\/javascript\">\r\n\/\/ <![CDATA[\r\n\tjQuery(document).ready(function () {\r\n\t\tjQuery(\".gallery1 a\").attr(\"rel\",\"gallery1\");\t\r\n\t\tjQuery('a[rel=\"gallery1\"]').colorbox({maxWidth:\"95%\", maxHeight:\"95%\",title: function(){ return jQuery(this).children().attr(\"alt\"); }, });\r\n\t});\r\n\/\/ ]]>\r\n<\/script>\n<figure class=\"gallery-item\">\n<div class=\"gallery-icon\">\r\n<a href=\"https:\/\/laboitedejeu.fr\/wp-content\/uploads\/2026\/01\/10-1024x683.jpg\" title=\"\" rel=\"gallery1\"><img src=\"https:\/\/laboitedejeu.fr\/wp-content\/uploads\/2026\/01\/10-1024x683.jpg\" width=\"750\" height=\"500\" alt=\"\" \/><\/a>\r\n<\/div><\/figure><figure class=\"gallery-item\">\n<div class=\"gallery-icon\">\r\n<a href=\"https:\/\/laboitedejeu.fr\/wp-content\/uploads\/2026\/01\/09-1024x683.jpg\" title=\"\" rel=\"gallery1\"><img src=\"https:\/\/laboitedejeu.fr\/wp-content\/uploads\/2026\/01\/09-1024x683.jpg\" width=\"750\" height=\"500\" alt=\"\" \/><\/a>\r\n<\/div><\/figure><figure class=\"gallery-item\">\n<div class=\"gallery-icon\">\r\n<a href=\"https:\/\/laboitedejeu.fr\/wp-content\/uploads\/2026\/01\/08-1024x683.jpg\" title=\"\" rel=\"gallery1\"><img src=\"https:\/\/laboitedejeu.fr\/wp-content\/uploads\/2026\/01\/08-1024x683.jpg\" width=\"750\" height=\"500\" alt=\"\" \/><\/a>\r\n<\/div><\/figure><figure class=\"gallery-item\">\n<div class=\"gallery-icon\">\r\n<a href=\"https:\/\/laboitedejeu.fr\/wp-content\/uploads\/2026\/01\/07-1024x683.jpg\" title=\"\" rel=\"gallery1\"><img src=\"https:\/\/laboitedejeu.fr\/wp-content\/uploads\/2026\/01\/07-1024x683.jpg\" width=\"750\" height=\"500\" alt=\"\" \/><\/a>\r\n<\/div><\/figure><figure class=\"gallery-item\">\n<div class=\"gallery-icon\">\r\n<a href=\"https:\/\/laboitedejeu.fr\/wp-content\/uploads\/2026\/01\/06-1024x683.jpg\" title=\"\" rel=\"gallery1\"><img src=\"https:\/\/laboitedejeu.fr\/wp-content\/uploads\/2026\/01\/06-1024x683.jpg\" width=\"750\" height=\"500\" alt=\"\" \/><\/a>\r\n<\/div><\/figure><figure class=\"gallery-item\">\n<div class=\"gallery-icon\">\r\n<a href=\"https:\/\/laboitedejeu.fr\/wp-content\/uploads\/2026\/01\/05-1024x683.jpg\" title=\"\" rel=\"gallery1\"><img src=\"https:\/\/laboitedejeu.fr\/wp-content\/uploads\/2026\/01\/05-1024x683.jpg\" width=\"750\" height=\"500\" alt=\"\" \/><\/a>\r\n<\/div><\/figure><figure class=\"gallery-item\">\n<div class=\"gallery-icon\">\r\n<a href=\"https:\/\/laboitedejeu.fr\/wp-content\/uploads\/2026\/01\/04-1024x683.jpg\" title=\"\" rel=\"gallery1\"><img src=\"https:\/\/laboitedejeu.fr\/wp-content\/uploads\/2026\/01\/04-1024x683.jpg\" width=\"750\" height=\"500\" alt=\"\" \/><\/a>\r\n<\/div><\/figure><figure class=\"gallery-item\">\n<div class=\"gallery-icon\">\r\n<a href=\"https:\/\/laboitedejeu.fr\/wp-content\/uploads\/2026\/01\/03-1024x683.jpg\" title=\"\" rel=\"gallery1\"><img src=\"https:\/\/laboitedejeu.fr\/wp-content\/uploads\/2026\/01\/03-1024x683.jpg\" width=\"750\" height=\"500\" alt=\"\" \/><\/a>\r\n<\/div><\/figure><figure class=\"gallery-item\">\n<div class=\"gallery-icon\">\r\n<a href=\"https:\/\/laboitedejeu.fr\/wp-content\/uploads\/2026\/01\/02-1024x683.jpg\" title=\"\" rel=\"gallery1\"><img src=\"https:\/\/laboitedejeu.fr\/wp-content\/uploads\/2026\/01\/02-1024x683.jpg\" width=\"750\" height=\"500\" alt=\"\" \/><\/a>\r\n<\/div><\/figure><figure class=\"gallery-item\">\n<div class=\"gallery-icon\">\r\n<a href=\"https:\/\/laboitedejeu.fr\/wp-content\/uploads\/2026\/01\/01-1024x683.jpg\" title=\"\" rel=\"gallery1\"><img src=\"https:\/\/laboitedejeu.fr\/wp-content\/uploads\/2026\/01\/01-1024x683.jpg\" width=\"750\" height=\"500\" alt=\"\" \/><\/a>\r\n<\/div><\/figure><figure class=\"gallery-item\">\n<div class=\"gallery-icon\">\r\n<a href=\"https:\/\/laboitedejeu.fr\/wp-content\/uploads\/2026\/01\/15-1024x683.jpg\" title=\"\" rel=\"gallery1\"><img src=\"https:\/\/laboitedejeu.fr\/wp-content\/uploads\/2026\/01\/15-1024x683.jpg\" width=\"750\" height=\"500\" alt=\"\" \/><\/a>\r\n<\/div><\/figure><figure class=\"gallery-item\">\n<div class=\"gallery-icon\">\r\n<a href=\"https:\/\/laboitedejeu.fr\/wp-content\/uploads\/2026\/01\/14-1024x683.jpg\" title=\"\" rel=\"gallery1\"><img src=\"https:\/\/laboitedejeu.fr\/wp-content\/uploads\/2026\/01\/14-1024x683.jpg\" width=\"750\" height=\"500\" alt=\"\" \/><\/a>\r\n<\/div><\/figure><figure class=\"gallery-item\">\n<div class=\"gallery-icon\">\r\n<a href=\"https:\/\/laboitedejeu.fr\/wp-content\/uploads\/2026\/01\/13-1024x683.jpg\" title=\"\" rel=\"gallery1\"><img src=\"https:\/\/laboitedejeu.fr\/wp-content\/uploads\/2026\/01\/13-1024x683.jpg\" width=\"750\" height=\"500\" alt=\"\" \/><\/a>\r\n<\/div><\/figure><figure class=\"gallery-item\">\n<div class=\"gallery-icon\">\r\n<a href=\"https:\/\/laboitedejeu.fr\/wp-content\/uploads\/2026\/01\/12-1024x683.jpg\" title=\"\" rel=\"gallery1\"><img src=\"https:\/\/laboitedejeu.fr\/wp-content\/uploads\/2026\/01\/12-1024x683.jpg\" width=\"750\" height=\"500\" alt=\"\" \/><\/a>\r\n<\/div><\/figure><figure class=\"gallery-item\">\n<div class=\"gallery-icon\">\r\n<a href=\"https:\/\/laboitedejeu.fr\/wp-content\/uploads\/2026\/01\/11-1024x683.jpg\" title=\"\" rel=\"gallery1\"><img src=\"https:\/\/laboitedejeu.fr\/wp-content\/uploads\/2026\/01\/11-1024x683.jpg\" width=\"750\" height=\"500\" alt=\"\" \/><\/a>\r\n<\/div><\/figure>\r\n\t\t<\/div>\n\n","protected":false},"excerpt":{"rendered":"<p>&nbsp; Incarnez un groupe d\u2019amies fascin\u00e9es par le paranormal. En qu\u00eate de sensations fortes, vous p\u00e9n\u00e9trez dans un manoir abandonn\u00e9, lieu parfait pour invoquer des esprits. Mais le rituel d\u00e9rape. Une force obscure se r\u00e9veille&#8230; Le manoir se referme sur vous et les ombres du pass\u00e9 r\u00e9clament justice ! &nbsp; Comment \u00e7a marche ? &nbsp; D\u00e9couvrez la deuxi\u00e8me aventure de la gamme BUTTERFLY EFFECT : Le Manoir de Hill Sing ! Butterfly Effect est un jeu narratif et coop\u00e9ratif dont la m\u00e9canique principale repose sur le choix. Tout au long de votre aventure, vous traverserez diff\u00e9rentes \u00c8res (temporelles ou g\u00e9ographiques).<\/p>\n","protected":false},"author":17431,"featured_media":6759,"parent":0,"menu_order":0,"comment_status":"closed","ping_status":"closed","template":"","meta":[],"_links":{"self":[{"href":"https:\/\/laboitedejeu.fr\/en\/wp-json\/wp\/v2\/pages\/5855"}],"collection":[{"href":"https:\/\/laboitedejeu.fr\/en\/wp-json\/wp\/v2\/pages"}],"about":[{"href":"https:\/\/laboitedejeu.fr\/en\/wp-json\/wp\/v2\/types\/page"}],"author":[{"embeddable":true,"href":"https:\/\/laboitedejeu.fr\/en\/wp-json\/wp\/v2\/users\/17431"}],"replies":[{"embeddable":true,"href":"https:\/\/laboitedejeu.fr\/en\/wp-json\/wp\/v2\/comments?post=5855"}],"version-history":[{"count":6,"href":"https:\/\/laboitedejeu.fr\/en\/wp-json\/wp\/v2\/pages\/5855\/revisions"}],"predecessor-version":[{"id":6827,"href":"https:\/\/laboitedejeu.fr\/en\/wp-json\/wp\/v2\/pages\/5855\/revisions\/6827"}],"wp:featuredmedia":[{"embeddable":true,"href":"https:\/\/laboitedejeu.fr\/en\/wp-json\/wp\/v2\/media\/6759"}],"wp:attachment":[{"href":"https:\/\/laboitedejeu.fr\/en\/wp-json\/wp\/v2\/media?parent=5855"}],"curies":[{"name":"wp","href":"https:\/\/api.w.org\/{rel}","templated":true}]}}