{"id":63,"date":"2017-08-01T14:48:43","date_gmt":"2017-08-01T12:48:43","guid":{"rendered":"https:\/\/www.laboitedejeu.fr\/?page_id=63"},"modified":"2022-06-14T14:45:20","modified_gmt":"2022-06-14T12:45:20","slug":"clash-of-rage","status":"publish","type":"page","link":"https:\/\/laboitedejeu.fr\/en\/clash-of-rage\/","title":{"rendered":"Clash of Rage"},"content":{"rendered":"<p><img loading=\"lazy\" class=\"aligncenter wp-image-234 size-medium\" src=\"https:\/\/www.laboitedejeu.fr\/wp-content\/uploads\/2017\/08\/logo-300x84.png\" alt=\"Clash of Rage logo\" width=\"300\" height=\"84\" srcset=\"https:\/\/laboitedejeu.fr\/wp-content\/uploads\/2017\/08\/logo-300x84.png 300w, https:\/\/laboitedejeu.fr\/wp-content\/uploads\/2017\/08\/logo-768x215.png 768w, https:\/\/laboitedejeu.fr\/wp-content\/uploads\/2017\/08\/logo-1024x287.png 1024w, https:\/\/laboitedejeu.fr\/wp-content\/uploads\/2017\/08\/logo-750x210.png 750w, https:\/\/laboitedejeu.fr\/wp-content\/uploads\/2017\/08\/logo-270x76.png 270w, https:\/\/laboitedejeu.fr\/wp-content\/uploads\/2017\/08\/logo-642x180.png 642w\" sizes=\"(max-width: 300px) 100vw, 300px\" \/><\/p>\n<p><i>As far as one can remember, Elves always dominated the world. They are condescending and quite full of themselves. But their time is drawing to an end as decline looms over their kind. From the Bohorg tribe to the Steamfield Barony, along with the Godleif clan and the Army of the Tomb, every clan is secretly arming itself to conquer the elven cities and the precious crystals they hold to forge the powerful legendary equipment and take the Emerald Empire back!<\/i><\/p>\n<h2>How to play?<\/h2>\n<p><img loading=\"lazy\" class=\"alignright wp-image-243 size-medium\" src=\"https:\/\/www.laboitedejeu.fr\/wp-content\/uploads\/2017\/08\/in-game3-copie-300x169.png\" alt=\"Clash of Rage set up\" width=\"300\" height=\"169\" srcset=\"https:\/\/laboitedejeu.fr\/wp-content\/uploads\/2017\/08\/in-game3-copie-300x169.png 300w, https:\/\/laboitedejeu.fr\/wp-content\/uploads\/2017\/08\/in-game3-copie-768x432.png 768w, https:\/\/laboitedejeu.fr\/wp-content\/uploads\/2017\/08\/in-game3-copie-1024x576.png 1024w, https:\/\/laboitedejeu.fr\/wp-content\/uploads\/2017\/08\/in-game3-copie-622x350.png 622w, https:\/\/laboitedejeu.fr\/wp-content\/uploads\/2017\/08\/in-game3-copie-270x152.png 270w, https:\/\/laboitedejeu.fr\/wp-content\/uploads\/2017\/08\/in-game3-copie-533x300.png 533w, https:\/\/laboitedejeu.fr\/wp-content\/uploads\/2017\/08\/in-game3-copie.png 1920w\" sizes=\"(max-width: 300px) 100vw, 300px\" \/>Clash of Rage is a confrontation and skirmish game. You play one of the 4 different armies. Each has its specific units. When it is your turn, you can choose either to move your troops, or spend Gold coins to buy equipment (armors and weapons) and improve your units. By occupying different territories, you&#8217;ll get precious advantages: reinforcement stones will add extra units to your troops, while cities plunder will grant the precious crystals. By spending these crystals in the forges you control, you will create legendary equipments that will change the course of battles, and bring you closer to victory!<\/p>\n<h2>Specifications<\/h2>\n<p><img loading=\"lazy\" class=\"alignleft wp-image-242 size-medium\" src=\"https:\/\/www.laboitedejeu.fr\/wp-content\/uploads\/2017\/08\/ClashOfRage-box-3D-2-300x300.png\" alt=\"Clash of Rage 3d packshot\" width=\"300\" height=\"300\" srcset=\"https:\/\/laboitedejeu.fr\/wp-content\/uploads\/2017\/08\/ClashOfRage-box-3D-2-300x300.png 300w, https:\/\/laboitedejeu.fr\/wp-content\/uploads\/2017\/08\/ClashOfRage-box-3D-2-150x150.png 150w, https:\/\/laboitedejeu.fr\/wp-content\/uploads\/2017\/08\/ClashOfRage-box-3D-2-768x771.png 768w, https:\/\/laboitedejeu.fr\/wp-content\/uploads\/2017\/08\/ClashOfRage-box-3D-2-349x350.png 349w, https:\/\/laboitedejeu.fr\/wp-content\/uploads\/2017\/08\/ClashOfRage-box-3D-2-270x270.png 270w, https:\/\/laboitedejeu.fr\/wp-content\/uploads\/2017\/08\/ClashOfRage-box-3D-2-299x300.png 299w, https:\/\/laboitedejeu.fr\/wp-content\/uploads\/2017\/08\/ClashOfRage-box-3D-2-230x230.png 230w, https:\/\/laboitedejeu.fr\/wp-content\/uploads\/2017\/08\/ClashOfRage-box-3D-2.png 974w\" sizes=\"(max-width: 300px) 100vw, 300px\" \/><\/p>\n<ul>\n<li>From 1 to 4 players<\/li>\n<li>For 14 years old and older<\/li>\n<li>90 minutes<\/li>\n<li>Designer: Fr\u00e9d\u00e9ric Gu\u00e9rard<\/li>\n<li>Artist: Djib<\/li>\n<li>Publishers: La boite de jeu &amp; Origames<\/li>\n<li>Distributor: Blackrock<\/li>\n<li>Availability: 2018<\/li>\n<li>MRSP: 100\u20ac<\/li>\n<\/ul>\n<h2>Rules<\/h2>\n<ul>\n<li><a href=\"https:\/\/www.laboitedejeu.fr\/wp-content\/uploads\/2018\/12\/cor-FR-rules.pdf\">Clash of Rage Rules in French<\/a><\/li>\n<li><a href=\"https:\/\/www.laboitedejeu.fr\/wp-content\/uploads\/2018\/12\/cor-EN-rules.pdf\">Clash of Rage Rules in English<\/a><\/li>\n<li><a href=\"https:\/\/www.laboitedejeu.fr\/wp-content\/uploads\/2017\/11\/cor-rules-TC.pdf\">Clash of Rage Rules in Traditionnal Chinese (WIP)<\/a><\/li>\n<li><a href=\"https:\/\/www.zatrolene-hry.cz\/spolecenska-hra\/clash-of-rage-7208\/k-stazeni\/pravidla-11094\/\">Clash of Rage Rules in Czech<\/a>, voluntarily translated by <a href=\"https:\/\/www.zatrolene-hry.cz\">www.zatrolene-hry.cz<\/a><\/li>\n<li><a href=\"https:\/\/www.laboitedejeu.fr\/wp-content\/uploads\/2018\/12\/cor-FR-Campaign_Book.pdf\">Campaign rulebook in French<\/a><\/li>\n<li><a href=\"https:\/\/www.laboitedejeu.fr\/wp-content\/uploads\/2018\/12\/cor-EN-Campaign_Book.pdf\">Campaign rulebook in English<\/a><\/li>\n<\/ul>\n<h2>Videos<\/h2>\n<div><iframe loading=\"lazy\" src=\"https:\/\/www.youtube.com\/embed\/q_qoFTf9RXw?rel=0\" width=\"560\" height=\"315\" frameborder=\"0\" allowfullscreen=\"allowfullscreen\"><\/iframe><\/div>\n<div><iframe loading=\"lazy\" src=\"https:\/\/www.youtube.com\/embed\/ZQv21CMQoic?rel=0\" width=\"560\" height=\"315\" frameborder=\"0\" allowfullscreen=\"allowfullscreen\"><\/iframe><\/div>\n<div><iframe loading=\"lazy\" src=\"https:\/\/www.youtube.com\/embed\/VOto5zOKAEk?rel=0\" width=\"560\" height=\"315\" frameborder=\"0\" allowfullscreen=\"allowfullscreen\"><\/iframe><\/div>\n<h2>Artworks<\/h2>\n\n\t\t<div id='gallery-3' class='gallery galleryid-63 gallery-columns-6 gallery-size-thumbnail gallery1'><script type=\"text\/javascript\">\r\n\/\/ <![CDATA[\r\n\tjQuery(document).ready(function () {\r\n\t\tjQuery(\".gallery1 a\").attr(\"rel\",\"gallery1\");\t\r\n\t\tjQuery('a[rel=\"gallery1\"]').colorbox({maxWidth:\"95%\", maxHeight:\"95%\",title: function(){ return jQuery(this).children().attr(\"alt\"); }, });\r\n\t});\r\n\/\/ ]]>\r\n<\/script>\n<figure class=\"gallery-item\">\n<div class=\"gallery-icon\">\r\n<a href=\"https:\/\/laboitedejeu.fr\/wp-content\/uploads\/2017\/08\/01.Berserker_Front-1024x780.jpg\" title=\"\" rel=\"gallery1\"><img src=\"https:\/\/laboitedejeu.fr\/wp-content\/uploads\/2017\/08\/01.Berserker_Front-150x150.jpg\" width=\"150\" height=\"150\" alt=\"Clash of Rage - Berseker 3D\" \/><\/a>\r\n<\/div><figcaption class=\"gallery-caption\" id=\"caption247\"><span class=\"imagedescription\">Clash of Rage - Berseker 3D<\/span><br \/>\n<\/figcaption><\/figure><figure class=\"gallery-item\">\n<div class=\"gallery-icon\">\r\n<a href=\"https:\/\/laboitedejeu.fr\/wp-content\/uploads\/2017\/08\/Grosviking40mm-Final1-1024x780.jpg\" title=\"\" rel=\"gallery1\"><img src=\"https:\/\/laboitedejeu.fr\/wp-content\/uploads\/2017\/08\/Grosviking40mm-Final1-150x150.jpg\" width=\"150\" height=\"150\" alt=\"Clash of Rage - Housecarl 3D\" \/><\/a>\r\n<\/div><figcaption class=\"gallery-caption\" id=\"caption254\"><span class=\"imagedescription\">Clash of Rage - Housecarl 3D<\/span><br \/>\n<\/figcaption><\/figure><figure class=\"gallery-item\">\n<div class=\"gallery-icon\">\r\n<a href=\"https:\/\/laboitedejeu.fr\/wp-content\/uploads\/2017\/08\/Euphoria-Games_Origames_Djib_Jeu-Fantasy_-Clan-Godleif_Husscarl_couleurs_fond-blanc_BD.jpg\" title=\"\" rel=\"gallery1\"><img src=\"https:\/\/laboitedejeu.fr\/wp-content\/uploads\/2017\/08\/Euphoria-Games_Origames_Djib_Jeu-Fantasy_-Clan-Godleif_Husscarl_couleurs_fond-blanc_BD-150x150.jpg\" width=\"150\" height=\"150\" alt=\"Clash of Rage - Housecarl 2D\" \/><\/a>\r\n<\/div><figcaption class=\"gallery-caption\" id=\"caption253\"><span class=\"imagedescription\">Clash of Rage - Housecarl 2D<\/span><br \/>\n<\/figcaption><\/figure><figure class=\"gallery-item\">\n<div class=\"gallery-icon\">\r\n<a href=\"https:\/\/laboitedejeu.fr\/wp-content\/uploads\/2017\/08\/NECRO-1-2-1024x576.jpg\" title=\"\" rel=\"gallery1\"><img src=\"https:\/\/laboitedejeu.fr\/wp-content\/uploads\/2017\/08\/NECRO-1-2-150x150.jpg\" width=\"150\" height=\"150\" alt=\"Clash of Rage - Carcass 3D\" \/><\/a>\r\n<\/div><figcaption class=\"gallery-caption\" id=\"caption255\"><span class=\"imagedescription\">Clash of Rage - Carcass 3D<\/span><br \/>\n<\/figcaption><\/figure><figure class=\"gallery-item\">\n<div class=\"gallery-icon\">\r\n<a href=\"https:\/\/laboitedejeu.fr\/wp-content\/uploads\/2017\/08\/NECRO-2-2-1024x576.jpg\" title=\"\" rel=\"gallery1\"><img src=\"https:\/\/laboitedejeu.fr\/wp-content\/uploads\/2017\/08\/NECRO-2-2-150x150.jpg\" width=\"150\" height=\"150\" alt=\"Clash of Rage - Morlord 3D\" \/><\/a>\r\n<\/div><figcaption class=\"gallery-caption\" id=\"caption256\"><span class=\"imagedescription\">Clash of Rage - Morlord 3D<\/span><br \/>\n<\/figcaption><\/figure><figure class=\"gallery-item\">\n<div class=\"gallery-icon\">\r\n<a href=\"https:\/\/laboitedejeu.fr\/wp-content\/uploads\/2017\/08\/necroman2-1024x1024.jpg\" title=\"\" rel=\"gallery1\"><img src=\"https:\/\/laboitedejeu.fr\/wp-content\/uploads\/2017\/08\/necroman2-150x150.jpg\" width=\"150\" height=\"150\" alt=\"Clash of Rage - Morlord 2D\" \/><\/a>\r\n<\/div><figcaption class=\"gallery-caption\" id=\"caption258\"><span class=\"imagedescription\">Clash of Rage - Morlord 2D<\/span><br \/>\n<\/figcaption><\/figure><figure class=\"gallery-item\">\n<div class=\"gallery-icon\">\r\n<a href=\"https:\/\/laboitedejeu.fr\/wp-content\/uploads\/2017\/08\/necroman1-1024x1024.jpg\" title=\"\" rel=\"gallery1\"><img src=\"https:\/\/laboitedejeu.fr\/wp-content\/uploads\/2017\/08\/necroman1-150x150.jpg\" width=\"150\" height=\"150\" alt=\"Clash of Rage - Necromonk 2D\" \/><\/a>\r\n<\/div><figcaption class=\"gallery-caption\" id=\"caption257\"><span class=\"imagedescription\">Clash of Rage - Necromonk 2D<\/span><br \/>\n<\/figcaption><\/figure><figure class=\"gallery-item\">\n<div class=\"gallery-icon\">\r\n<a href=\"https:\/\/laboitedejeu.fr\/wp-content\/uploads\/2017\/08\/2.gif\" title=\"\" rel=\"gallery1\"><img src=\"https:\/\/laboitedejeu.fr\/wp-content\/uploads\/2017\/08\/2-150x150.gif\" width=\"150\" height=\"150\" alt=\"Clash of Rage - Krag rider 2D\" \/><\/a>\r\n<\/div><figcaption class=\"gallery-caption\" id=\"caption248\"><span class=\"imagedescription\">Clash of Rage - Krag rider 2D<\/span><br \/>\n<\/figcaption><\/figure><figure class=\"gallery-item\">\n<div class=\"gallery-icon\">\r\n<a href=\"https:\/\/laboitedejeu.fr\/wp-content\/uploads\/2017\/08\/Euphoria-Games_Origames_Djib_Fond-de-clan_Bohorgs_HD-1024x512.jpg\" title=\"\" rel=\"gallery1\"><img src=\"https:\/\/laboitedejeu.fr\/wp-content\/uploads\/2017\/08\/Euphoria-Games_Origames_Djib_Fond-de-clan_Bohorgs_HD-150x150.jpg\" width=\"150\" height=\"150\" alt=\"Clash of Rage - Bohorg landscape\" \/><\/a>\r\n<\/div><figcaption class=\"gallery-caption\" id=\"caption252\"><span class=\"imagedescription\">Clash of Rage - Bohorg landscape<\/span><br \/>\n<\/figcaption><\/figure><figure class=\"gallery-item\">\n<div class=\"gallery-icon\">\r\n<a href=\"https:\/\/laboitedejeu.fr\/wp-content\/uploads\/2017\/08\/Euphoria-Games_Origames_Djib_Fond-de-clan_Baronnie-Steamfield_HD-1024x512.jpg\" title=\"\" rel=\"gallery1\"><img src=\"https:\/\/laboitedejeu.fr\/wp-content\/uploads\/2017\/08\/Euphoria-Games_Origames_Djib_Fond-de-clan_Baronnie-Steamfield_HD-150x150.jpg\" width=\"150\" height=\"150\" alt=\"Clash of Rage - Steamfield baronny landscape\" \/><\/a>\r\n<\/div><figcaption class=\"gallery-caption\" id=\"caption250\"><span class=\"imagedescription\">Clash of Rage - Steamfield baronny landscape<\/span><br \/>\n<\/figcaption><\/figure>\r\n\t\t<\/div>\n\n<h2>Press Kit<\/h2>\n\n\t\t<div id='gallery-4' class='gallery galleryid-63 gallery-columns-6 gallery-size-thumbnail gallery1'><script type=\"text\/javascript\">\r\n\/\/ <![CDATA[\r\n\tjQuery(document).ready(function () {\r\n\t\tjQuery(\".gallery1 a\").attr(\"rel\",\"gallery1\");\t\r\n\t\tjQuery('a[rel=\"gallery1\"]').colorbox({maxWidth:\"95%\", maxHeight:\"95%\",title: function(){ return jQuery(this).children().attr(\"alt\"); }, });\r\n\t});\r\n\/\/ ]]>\r\n<\/script>\n<figure class=\"gallery-item\">\n<div class=\"gallery-icon\">\r\n<a href=\"https:\/\/laboitedejeu.fr\/wp-content\/uploads\/2017\/08\/logo-1024x287.png\" title=\"\" rel=\"gallery1\"><img src=\"https:\/\/laboitedejeu.fr\/wp-content\/uploads\/2017\/08\/logo-150x150.png\" width=\"150\" height=\"150\" alt=\"Clash of Rage logo\" \/><\/a>\r\n<\/div><figcaption class=\"gallery-caption\" id=\"caption234\"><span class=\"imagedescription\">Clash of Rage logo<\/span><br \/>\n<\/figcaption><\/figure><figure class=\"gallery-item\">\n<div class=\"gallery-icon\">\r\n<a href=\"https:\/\/laboitedejeu.fr\/wp-content\/uploads\/2017\/08\/ClashOfRage-box-3D-2.png\" title=\"\" rel=\"gallery1\"><img src=\"https:\/\/laboitedejeu.fr\/wp-content\/uploads\/2017\/08\/ClashOfRage-box-3D-2-150x150.png\" width=\"150\" height=\"150\" alt=\"Clash of Rage 3d packshot\" \/><\/a>\r\n<\/div><figcaption class=\"gallery-caption\" id=\"caption242\"><span class=\"imagedescription\">Clash of Rage 3d packshot<\/span><br \/>\n<\/figcaption><\/figure><figure class=\"gallery-item\">\n<div class=\"gallery-icon\">\r\n<a href=\"https:\/\/laboitedejeu.fr\/wp-content\/uploads\/2017\/08\/CoR_Djib_Couv_NEW_LOGO-1024x1024.jpg\" title=\"\" rel=\"gallery1\"><img src=\"https:\/\/laboitedejeu.fr\/wp-content\/uploads\/2017\/08\/CoR_Djib_Couv_NEW_LOGO-150x150.jpg\" width=\"150\" height=\"150\" alt=\"Clash of Rage 2d packshot\" \/><\/a>\r\n<\/div><figcaption class=\"gallery-caption\" id=\"caption236\"><span class=\"imagedescription\">Clash of Rage 2d packshot<\/span><br \/>\n<\/figcaption><\/figure><figure class=\"gallery-item\">\n<div class=\"gallery-icon\">\r\n<a href=\"https:\/\/laboitedejeu.fr\/wp-content\/uploads\/2017\/08\/in-game3-copie-1024x576.png\" title=\"\" rel=\"gallery1\"><img src=\"https:\/\/laboitedejeu.fr\/wp-content\/uploads\/2017\/08\/in-game3-copie-150x150.png\" width=\"150\" height=\"150\" alt=\"Clash of Rage set up\" \/><\/a>\r\n<\/div><figcaption class=\"gallery-caption\" id=\"caption243\"><span class=\"imagedescription\">Clash of Rage set up<\/span><br \/>\n<\/figcaption><\/figure>\r\n\t\t<\/div>\n\n<p>&nbsp;<\/p>","protected":false},"excerpt":{"rendered":"<p>As far as one can remember, Elves always dominated the world. They are condescending and quite full of themselves. But their time is drawing to an end as decline looms over their kind. From the Bohorg tribe to the Steamfield Barony, along with the Godleif clan and the Army of the Tomb, every clan is secretly arming itself to conquer the elven cities and the precious crystals they hold to forge the powerful legendary equipment and take the Emerald Empire back! How to play? Clash of Rage is a confrontation and skirmish game. You play one of the 4 different<\/p>\n","protected":false},"author":1,"featured_media":242,"parent":0,"menu_order":0,"comment_status":"closed","ping_status":"closed","template":"","meta":[],"_links":{"self":[{"href":"https:\/\/laboitedejeu.fr\/en\/wp-json\/wp\/v2\/pages\/63"}],"collection":[{"href":"https:\/\/laboitedejeu.fr\/en\/wp-json\/wp\/v2\/pages"}],"about":[{"href":"https:\/\/laboitedejeu.fr\/en\/wp-json\/wp\/v2\/types\/page"}],"author":[{"embeddable":true,"href":"https:\/\/laboitedejeu.fr\/en\/wp-json\/wp\/v2\/users\/1"}],"replies":[{"embeddable":true,"href":"https:\/\/laboitedejeu.fr\/en\/wp-json\/wp\/v2\/comments?post=63"}],"version-history":[{"count":17,"href":"https:\/\/laboitedejeu.fr\/en\/wp-json\/wp\/v2\/pages\/63\/revisions"}],"predecessor-version":[{"id":4360,"href":"https:\/\/laboitedejeu.fr\/en\/wp-json\/wp\/v2\/pages\/63\/revisions\/4360"}],"wp:featuredmedia":[{"embeddable":true,"href":"https:\/\/laboitedejeu.fr\/en\/wp-json\/wp\/v2\/media\/242"}],"wp:attachment":[{"href":"https:\/\/laboitedejeu.fr\/en\/wp-json\/wp\/v2\/media?parent=63"}],"curies":[{"name":"wp","href":"https:\/\/api.w.org\/{rel}","templated":true}]}}